{"id":8724,"date":"2021-09-30T16:01:31","date_gmt":"2021-09-30T15:01:31","guid":{"rendered":"https:\/\/lluernarestaurant.com\/?post_type=product&#038;p=8724"},"modified":"2026-04-21T07:45:52","modified_gmt":"2026-04-21T06:45:52","slug":"menu-vegetal-copia","status":"publish","type":"product","link":"https:\/\/lluernarestaurant.com\/es\/producto\/menu-vegetal-copia\/","title":{"rendered":"Men\u00fa vegetariano maridaje"},"content":{"rendered":"","protected":false},"excerpt":{"rendered":"<p style=\"text-align: center\">Con servicio de pan, agua, caf\u00e9 y bodega.<\/p>\n<p style=\"text-align: center\">Bodega: Incluye una botella por cada dos personas de Cava Maria Rigol Ordi Brut Nature \u00f3 Vino blanco Els vinyerons Lluerna \u00f3 Vino tinto Amic Invisible<\/p>\n<p style=\"text-align: center\">Este men\u00fa puede estar sujeto a variaciones seg\u00fan mercado y disponibilidad<br \/>\nMesa completa<\/p>\n<p style=\"text-align: center\">Caducidad: 12 meses<\/p>\n<hr \/>\n<div class=\"av-catalogue-item\" style=\"text-align: center\">\n<div class=\"av-catalogue-item-inner\">\n<div class=\"av-catalogue-content\" style=\"text-align: center\">\n<p class=\"p1\">C\u00f3ctel de pomada<\/p>\n<p class=\"p1\">Jugo de hinojo y pera<\/p>\n<p class=\"p1\">Ensaladilla de tub\u00e9rculos<\/p>\n<p class=\"p1\">Ajoblanco y cerezas escabechadas<\/p>\n<p class=\"p1\">Guisantes del Maresme, jugo de sus vainas y su sufl\u00e9<\/p>\n<p class=\"p1\">Raviolis de calabaza a la salvia, mostarda y Reixag\u00f3<\/p>\n<p class=\"p1\">Remolacha a la brasa, romesco verde y stracchino<\/p>\n<p class=\"p1\">Pithivier vegetal y salsa pimienta verde<\/p>\n<p class=\"p1\">Fresas de Maresme con nata<\/p>\n<p class=\"p1\">Mousse de chocolate, cerezas estofadas y panacota de pimienta<\/p>\n<p class=\"p1\">Bu\u00f1uelo del Empord\u00e0 y espuma de an\u00eds<\/p>\n<p>Pa artes\u00e0 de L\u2019espiga d\u2019or i aigua filtrada inclosos<\/p>\n<\/div>\n<\/div>\n<\/div>\n<hr \/>\n<p style=\"text-align: center\">\n","protected":false},"featured_media":23159,"template":"","meta":[],"product_brand":[],"product_cat":[33],"product_tag":[],"class_list":{"0":"post-8724","1":"product","2":"type-product","3":"status-publish","4":"has-post-thumbnail","6":"product_cat-regala-lluerna-es","8":"first","9":"instock","10":"downloadable","11":"virtual","12":"taxable","13":"purchasable","14":"product-type-simple"},"yoast_head":"<!-- This site is optimized with the Yoast SEO plugin v27.4 - https:\/\/yoast.com\/product\/yoast-seo-wordpress\/ -->\n<title>Men\u00fa vegetariano maridaje - Lluerna restaurant<\/title>\n<meta name=\"robots\" content=\"index, follow, max-snippet:-1, max-image-preview:large, max-video-preview:-1\" \/>\n<link rel=\"canonical\" href=\"https:\/\/lluernarestaurant.com\/es\/producto\/menu-vegetal-copia\/\" \/>\n<meta property=\"og:locale\" content=\"es_ES\" \/>\n<meta property=\"og:type\" content=\"article\" \/>\n<meta property=\"og:title\" content=\"Men\u00fa vegetariano maridaje - Lluerna restaurant\" \/>\n<meta property=\"og:description\" content=\"Con servicio de pan, agua, caf\u00e9 y bodega. Bodega: Incluye una botella por cada dos personas de Cava Maria Rigol Ordi Brut Nature \u00f3 Vino blanco Els vinyerons Lluerna \u00f3 Vino tinto Amic Invisible Este men\u00fa puede estar sujeto a variaciones seg\u00fan mercado y disponibilidad Mesa completa Caducidad: 12 meses        C\u00f3ctel de pomada Jugo de hinojo y pera Ensaladilla de tub\u00e9rculos Ajoblanco y cerezas escabechadas Guisantes del Maresme, jugo de sus vainas y su sufl\u00e9 Raviolis de calabaza a la salvia, mostarda y Reixag\u00f3 Remolacha a la brasa, romesco verde y stracchino Pithivier vegetal y salsa pimienta verde Fresas de Maresme con nata Mousse de chocolate, cerezas estofadas y panacota de pimienta Bu\u00f1uelo del Empord\u00e0 y espuma de an\u00eds Pa artes\u00e0 de L\u2019espiga d\u2019or i aigua filtrada inclosos\" \/>\n<meta property=\"og:url\" content=\"https:\/\/lluernarestaurant.com\/es\/producto\/menu-vegetal-copia\/\" \/>\n<meta property=\"og:site_name\" content=\"Lluerna restaurant\" \/>\n<meta property=\"article:modified_time\" content=\"2026-04-21T06:45:52+00:00\" \/>\n<meta property=\"og:image\" content=\"https:\/\/lluernarestaurant.com\/wp-content\/uploads\/2021\/09\/Lluerna_prim26_VegetariaM.jpg\" \/>\n\t<meta property=\"og:image:width\" content=\"595\" \/>\n\t<meta property=\"og:image:height\" content=\"842\" \/>\n\t<meta property=\"og:image:type\" content=\"image\/jpeg\" \/>\n<meta name=\"twitter:card\" content=\"summary_large_image\" \/>\n<script type=\"application\/ld+json\" class=\"yoast-schema-graph\">{\"@context\":\"https:\\\/\\\/schema.org\",\"@graph\":[{\"@type\":\"WebPage\",\"@id\":\"https:\\\/\\\/lluernarestaurant.com\\\/es\\\/producto\\\/menu-vegetal-copia\\\/\",\"url\":\"https:\\\/\\\/lluernarestaurant.com\\\/es\\\/producto\\\/menu-vegetal-copia\\\/\",\"name\":\"Men\u00fa vegetariano maridaje - Lluerna restaurant\",\"isPartOf\":{\"@id\":\"https:\\\/\\\/lluernarestaurant.com\\\/en\\\/#website\"},\"primaryImageOfPage\":{\"@id\":\"https:\\\/\\\/lluernarestaurant.com\\\/es\\\/producto\\\/menu-vegetal-copia\\\/#primaryimage\"},\"image\":{\"@id\":\"https:\\\/\\\/lluernarestaurant.com\\\/es\\\/producto\\\/menu-vegetal-copia\\\/#primaryimage\"},\"thumbnailUrl\":\"https:\\\/\\\/lluernarestaurant.com\\\/wp-content\\\/uploads\\\/2021\\\/09\\\/Lluerna_prim26_VegetariaM.jpg\",\"datePublished\":\"2021-09-30T15:01:31+00:00\",\"dateModified\":\"2026-04-21T06:45:52+00:00\",\"breadcrumb\":{\"@id\":\"https:\\\/\\\/lluernarestaurant.com\\\/es\\\/producto\\\/menu-vegetal-copia\\\/#breadcrumb\"},\"inLanguage\":\"es\",\"potentialAction\":[{\"@type\":\"ReadAction\",\"target\":[\"https:\\\/\\\/lluernarestaurant.com\\\/es\\\/producto\\\/menu-vegetal-copia\\\/\"]}]},{\"@type\":\"ImageObject\",\"inLanguage\":\"es\",\"@id\":\"https:\\\/\\\/lluernarestaurant.com\\\/es\\\/producto\\\/menu-vegetal-copia\\\/#primaryimage\",\"url\":\"https:\\\/\\\/lluernarestaurant.com\\\/wp-content\\\/uploads\\\/2021\\\/09\\\/Lluerna_prim26_VegetariaM.jpg\",\"contentUrl\":\"https:\\\/\\\/lluernarestaurant.com\\\/wp-content\\\/uploads\\\/2021\\\/09\\\/Lluerna_prim26_VegetariaM.jpg\",\"width\":595,\"height\":842},{\"@type\":\"BreadcrumbList\",\"@id\":\"https:\\\/\\\/lluernarestaurant.com\\\/es\\\/producto\\\/menu-vegetal-copia\\\/#breadcrumb\",\"itemListElement\":[{\"@type\":\"ListItem\",\"position\":1,\"name\":\"Inici\",\"item\":\"https:\\\/\\\/lluernarestaurant.com\\\/es\\\/inicio\\\/\"},{\"@type\":\"ListItem\",\"position\":2,\"name\":\"Botiga\",\"item\":\"https:\\\/\\\/lluernarestaurant.com\\\/es\\\/botiga\\\/\"},{\"@type\":\"ListItem\",\"position\":3,\"name\":\"Men\u00fa vegetariano maridaje\"}]},{\"@type\":\"WebSite\",\"@id\":\"https:\\\/\\\/lluernarestaurant.com\\\/en\\\/#website\",\"url\":\"https:\\\/\\\/lluernarestaurant.com\\\/en\\\/\",\"name\":\"Lluerna restaurant\",\"description\":\"\",\"potentialAction\":[{\"@type\":\"SearchAction\",\"target\":{\"@type\":\"EntryPoint\",\"urlTemplate\":\"https:\\\/\\\/lluernarestaurant.com\\\/en\\\/?s={search_term_string}\"},\"query-input\":{\"@type\":\"PropertyValueSpecification\",\"valueRequired\":true,\"valueName\":\"search_term_string\"}}],\"inLanguage\":\"es\"}]}<\/script>\n<!-- \/ Yoast SEO plugin. -->","yoast_head_json":{"title":"Men\u00fa vegetariano maridaje - Lluerna restaurant","robots":{"index":"index","follow":"follow","max-snippet":"max-snippet:-1","max-image-preview":"max-image-preview:large","max-video-preview":"max-video-preview:-1"},"canonical":"https:\/\/lluernarestaurant.com\/es\/producto\/menu-vegetal-copia\/","og_locale":"es_ES","og_type":"article","og_title":"Men\u00fa vegetariano maridaje - Lluerna restaurant","og_description":"Con servicio de pan, agua, caf\u00e9 y bodega. Bodega: Incluye una botella por cada dos personas de Cava Maria Rigol Ordi Brut Nature \u00f3 Vino blanco Els vinyerons Lluerna \u00f3 Vino tinto Amic Invisible Este men\u00fa puede estar sujeto a variaciones seg\u00fan mercado y disponibilidad Mesa completa Caducidad: 12 meses        C\u00f3ctel de pomada Jugo de hinojo y pera Ensaladilla de tub\u00e9rculos Ajoblanco y cerezas escabechadas Guisantes del Maresme, jugo de sus vainas y su sufl\u00e9 Raviolis de calabaza a la salvia, mostarda y Reixag\u00f3 Remolacha a la brasa, romesco verde y stracchino Pithivier vegetal y salsa pimienta verde Fresas de Maresme con nata Mousse de chocolate, cerezas estofadas y panacota de pimienta Bu\u00f1uelo del Empord\u00e0 y espuma de an\u00eds Pa artes\u00e0 de L\u2019espiga d\u2019or i aigua filtrada inclosos","og_url":"https:\/\/lluernarestaurant.com\/es\/producto\/menu-vegetal-copia\/","og_site_name":"Lluerna restaurant","article_modified_time":"2026-04-21T06:45:52+00:00","og_image":[{"width":595,"height":842,"url":"https:\/\/lluernarestaurant.com\/wp-content\/uploads\/2021\/09\/Lluerna_prim26_VegetariaM.jpg","type":"image\/jpeg"}],"twitter_card":"summary_large_image","schema":{"@context":"https:\/\/schema.org","@graph":[{"@type":"WebPage","@id":"https:\/\/lluernarestaurant.com\/es\/producto\/menu-vegetal-copia\/","url":"https:\/\/lluernarestaurant.com\/es\/producto\/menu-vegetal-copia\/","name":"Men\u00fa vegetariano maridaje - Lluerna restaurant","isPartOf":{"@id":"https:\/\/lluernarestaurant.com\/en\/#website"},"primaryImageOfPage":{"@id":"https:\/\/lluernarestaurant.com\/es\/producto\/menu-vegetal-copia\/#primaryimage"},"image":{"@id":"https:\/\/lluernarestaurant.com\/es\/producto\/menu-vegetal-copia\/#primaryimage"},"thumbnailUrl":"https:\/\/lluernarestaurant.com\/wp-content\/uploads\/2021\/09\/Lluerna_prim26_VegetariaM.jpg","datePublished":"2021-09-30T15:01:31+00:00","dateModified":"2026-04-21T06:45:52+00:00","breadcrumb":{"@id":"https:\/\/lluernarestaurant.com\/es\/producto\/menu-vegetal-copia\/#breadcrumb"},"inLanguage":"es","potentialAction":[{"@type":"ReadAction","target":["https:\/\/lluernarestaurant.com\/es\/producto\/menu-vegetal-copia\/"]}]},{"@type":"ImageObject","inLanguage":"es","@id":"https:\/\/lluernarestaurant.com\/es\/producto\/menu-vegetal-copia\/#primaryimage","url":"https:\/\/lluernarestaurant.com\/wp-content\/uploads\/2021\/09\/Lluerna_prim26_VegetariaM.jpg","contentUrl":"https:\/\/lluernarestaurant.com\/wp-content\/uploads\/2021\/09\/Lluerna_prim26_VegetariaM.jpg","width":595,"height":842},{"@type":"BreadcrumbList","@id":"https:\/\/lluernarestaurant.com\/es\/producto\/menu-vegetal-copia\/#breadcrumb","itemListElement":[{"@type":"ListItem","position":1,"name":"Inici","item":"https:\/\/lluernarestaurant.com\/es\/inicio\/"},{"@type":"ListItem","position":2,"name":"Botiga","item":"https:\/\/lluernarestaurant.com\/es\/botiga\/"},{"@type":"ListItem","position":3,"name":"Men\u00fa vegetariano maridaje"}]},{"@type":"WebSite","@id":"https:\/\/lluernarestaurant.com\/en\/#website","url":"https:\/\/lluernarestaurant.com\/en\/","name":"Lluerna restaurant","description":"","potentialAction":[{"@type":"SearchAction","target":{"@type":"EntryPoint","urlTemplate":"https:\/\/lluernarestaurant.com\/en\/?s={search_term_string}"},"query-input":{"@type":"PropertyValueSpecification","valueRequired":true,"valueName":"search_term_string"}}],"inLanguage":"es"}]}},"_links":{"self":[{"href":"https:\/\/lluernarestaurant.com\/es\/wp-json\/wp\/v2\/product\/8724","targetHints":{"allow":["GET"]}}],"collection":[{"href":"https:\/\/lluernarestaurant.com\/es\/wp-json\/wp\/v2\/product"}],"about":[{"href":"https:\/\/lluernarestaurant.com\/es\/wp-json\/wp\/v2\/types\/product"}],"wp:featuredmedia":[{"embeddable":true,"href":"https:\/\/lluernarestaurant.com\/es\/wp-json\/wp\/v2\/media\/23159"}],"wp:attachment":[{"href":"https:\/\/lluernarestaurant.com\/es\/wp-json\/wp\/v2\/media?parent=8724"}],"wp:term":[{"taxonomy":"product_brand","embeddable":true,"href":"https:\/\/lluernarestaurant.com\/es\/wp-json\/wp\/v2\/product_brand?post=8724"},{"taxonomy":"product_cat","embeddable":true,"href":"https:\/\/lluernarestaurant.com\/es\/wp-json\/wp\/v2\/product_cat?post=8724"},{"taxonomy":"product_tag","embeddable":true,"href":"https:\/\/lluernarestaurant.com\/es\/wp-json\/wp\/v2\/product_tag?post=8724"}],"curies":[{"name":"wp","href":"https:\/\/api.w.org\/{rel}","templated":true}]}}