{"id":2542,"date":"2019-12-10T20:28:31","date_gmt":"2019-12-10T20:28:31","guid":{"rendered":"https:\/\/lluernarestaurant.com\/?post_type=product&#038;p=2542"},"modified":"2024-02-01T10:56:05","modified_gmt":"2024-02-01T09:56:05","slug":"formula-22","status":"publish","type":"product","link":"https:\/\/lluernarestaurant.com\/es\/producto\/formula-22\/","title":{"rendered":"Men\u00fa Verat"},"content":{"rendered":"","protected":false},"excerpt":{"rendered":"<p style=\"text-align: center\">Precio por persona. Caducidad: 12 meses<br \/>\nIncluye pan, agua, caf\u00e9 y una botella por cada dos personas de cava o vino blanco o vino tinto.<\/p>\n<hr \/>\n<p style=\"text-align: center\"><strong>Este men\u00fa consta de 6 platos cerrados de nuestra<\/strong><br \/>\n<strong>carta y que pod\u00e9is consultar en la web<\/strong><\/p>\n<p>&nbsp;<\/p>\n<hr \/>\n<p>&nbsp;<\/p>\n","protected":false},"featured_media":20231,"template":"","meta":[],"product_brand":[],"product_cat":[39],"product_tag":[],"class_list":{"0":"post-2542","1":"product","2":"type-product","3":"status-publish","4":"has-post-thumbnail","6":"product_cat-regala-bar-verat-es","8":"first","9":"instock","10":"downloadable","11":"virtual","12":"taxable","13":"purchasable","14":"product-type-simple"},"yoast_head":"<!-- This site is optimized with the Yoast SEO plugin v27.4 - https:\/\/yoast.com\/product\/yoast-seo-wordpress\/ -->\n<title>Men\u00fa Verat - Lluerna restaurant<\/title>\n<meta name=\"robots\" content=\"index, follow, max-snippet:-1, max-image-preview:large, max-video-preview:-1\" \/>\n<link rel=\"canonical\" href=\"https:\/\/lluernarestaurant.com\/es\/producto\/formula-22\/\" \/>\n<meta property=\"og:locale\" content=\"es_ES\" \/>\n<meta property=\"og:type\" content=\"article\" \/>\n<meta property=\"og:title\" content=\"Men\u00fa Verat - Lluerna restaurant\" \/>\n<meta property=\"og:description\" content=\"Precio por persona. Caducidad: 12 meses Incluye pan, agua, caf\u00e9 y una botella por cada dos personas de cava o vino blanco o vino tinto.    Este men\u00fa consta de 6 platos cerrados de nuestra carta y que pod\u00e9is consultar en la web &nbsp;    &nbsp;\" \/>\n<meta property=\"og:url\" content=\"https:\/\/lluernarestaurant.com\/es\/producto\/formula-22\/\" \/>\n<meta property=\"og:site_name\" content=\"Lluerna restaurant\" \/>\n<meta property=\"article:modified_time\" content=\"2024-02-01T09:56:05+00:00\" \/>\n<meta property=\"og:image\" content=\"https:\/\/lluernarestaurant.com\/wp-content\/uploads\/2019\/12\/Verat_Verat.jpg\" \/>\n\t<meta property=\"og:image:width\" content=\"595\" \/>\n\t<meta property=\"og:image:height\" content=\"842\" \/>\n\t<meta property=\"og:image:type\" content=\"image\/jpeg\" \/>\n<meta name=\"twitter:card\" content=\"summary_large_image\" \/>\n<script type=\"application\/ld+json\" class=\"yoast-schema-graph\">{\"@context\":\"https:\\\/\\\/schema.org\",\"@graph\":[{\"@type\":\"WebPage\",\"@id\":\"https:\\\/\\\/lluernarestaurant.com\\\/es\\\/producto\\\/formula-22\\\/\",\"url\":\"https:\\\/\\\/lluernarestaurant.com\\\/es\\\/producto\\\/formula-22\\\/\",\"name\":\"Men\u00fa Verat - Lluerna restaurant\",\"isPartOf\":{\"@id\":\"https:\\\/\\\/lluernarestaurant.com\\\/en\\\/#website\"},\"primaryImageOfPage\":{\"@id\":\"https:\\\/\\\/lluernarestaurant.com\\\/es\\\/producto\\\/formula-22\\\/#primaryimage\"},\"image\":{\"@id\":\"https:\\\/\\\/lluernarestaurant.com\\\/es\\\/producto\\\/formula-22\\\/#primaryimage\"},\"thumbnailUrl\":\"https:\\\/\\\/lluernarestaurant.com\\\/wp-content\\\/uploads\\\/2019\\\/12\\\/Verat_Verat.jpg\",\"datePublished\":\"2019-12-10T20:28:31+00:00\",\"dateModified\":\"2024-02-01T09:56:05+00:00\",\"breadcrumb\":{\"@id\":\"https:\\\/\\\/lluernarestaurant.com\\\/es\\\/producto\\\/formula-22\\\/#breadcrumb\"},\"inLanguage\":\"es\",\"potentialAction\":[{\"@type\":\"ReadAction\",\"target\":[\"https:\\\/\\\/lluernarestaurant.com\\\/es\\\/producto\\\/formula-22\\\/\"]}]},{\"@type\":\"ImageObject\",\"inLanguage\":\"es\",\"@id\":\"https:\\\/\\\/lluernarestaurant.com\\\/es\\\/producto\\\/formula-22\\\/#primaryimage\",\"url\":\"https:\\\/\\\/lluernarestaurant.com\\\/wp-content\\\/uploads\\\/2019\\\/12\\\/Verat_Verat.jpg\",\"contentUrl\":\"https:\\\/\\\/lluernarestaurant.com\\\/wp-content\\\/uploads\\\/2019\\\/12\\\/Verat_Verat.jpg\",\"width\":595,\"height\":842},{\"@type\":\"BreadcrumbList\",\"@id\":\"https:\\\/\\\/lluernarestaurant.com\\\/es\\\/producto\\\/formula-22\\\/#breadcrumb\",\"itemListElement\":[{\"@type\":\"ListItem\",\"position\":1,\"name\":\"Inici\",\"item\":\"https:\\\/\\\/lluernarestaurant.com\\\/es\\\/inicio\\\/\"},{\"@type\":\"ListItem\",\"position\":2,\"name\":\"Botiga\",\"item\":\"https:\\\/\\\/lluernarestaurant.com\\\/es\\\/botiga\\\/\"},{\"@type\":\"ListItem\",\"position\":3,\"name\":\"Men\u00fa Verat\"}]},{\"@type\":\"WebSite\",\"@id\":\"https:\\\/\\\/lluernarestaurant.com\\\/en\\\/#website\",\"url\":\"https:\\\/\\\/lluernarestaurant.com\\\/en\\\/\",\"name\":\"Lluerna restaurant\",\"description\":\"\",\"potentialAction\":[{\"@type\":\"SearchAction\",\"target\":{\"@type\":\"EntryPoint\",\"urlTemplate\":\"https:\\\/\\\/lluernarestaurant.com\\\/en\\\/?s={search_term_string}\"},\"query-input\":{\"@type\":\"PropertyValueSpecification\",\"valueRequired\":true,\"valueName\":\"search_term_string\"}}],\"inLanguage\":\"es\"}]}<\/script>\n<!-- \/ Yoast SEO plugin. -->","yoast_head_json":{"title":"Men\u00fa Verat - Lluerna restaurant","robots":{"index":"index","follow":"follow","max-snippet":"max-snippet:-1","max-image-preview":"max-image-preview:large","max-video-preview":"max-video-preview:-1"},"canonical":"https:\/\/lluernarestaurant.com\/es\/producto\/formula-22\/","og_locale":"es_ES","og_type":"article","og_title":"Men\u00fa Verat - Lluerna restaurant","og_description":"Precio por persona. Caducidad: 12 meses Incluye pan, agua, caf\u00e9 y una botella por cada dos personas de cava o vino blanco o vino tinto.    Este men\u00fa consta de 6 platos cerrados de nuestra carta y que pod\u00e9is consultar en la web &nbsp;    &nbsp;","og_url":"https:\/\/lluernarestaurant.com\/es\/producto\/formula-22\/","og_site_name":"Lluerna restaurant","article_modified_time":"2024-02-01T09:56:05+00:00","og_image":[{"width":595,"height":842,"url":"https:\/\/lluernarestaurant.com\/wp-content\/uploads\/2019\/12\/Verat_Verat.jpg","type":"image\/jpeg"}],"twitter_card":"summary_large_image","schema":{"@context":"https:\/\/schema.org","@graph":[{"@type":"WebPage","@id":"https:\/\/lluernarestaurant.com\/es\/producto\/formula-22\/","url":"https:\/\/lluernarestaurant.com\/es\/producto\/formula-22\/","name":"Men\u00fa Verat - Lluerna restaurant","isPartOf":{"@id":"https:\/\/lluernarestaurant.com\/en\/#website"},"primaryImageOfPage":{"@id":"https:\/\/lluernarestaurant.com\/es\/producto\/formula-22\/#primaryimage"},"image":{"@id":"https:\/\/lluernarestaurant.com\/es\/producto\/formula-22\/#primaryimage"},"thumbnailUrl":"https:\/\/lluernarestaurant.com\/wp-content\/uploads\/2019\/12\/Verat_Verat.jpg","datePublished":"2019-12-10T20:28:31+00:00","dateModified":"2024-02-01T09:56:05+00:00","breadcrumb":{"@id":"https:\/\/lluernarestaurant.com\/es\/producto\/formula-22\/#breadcrumb"},"inLanguage":"es","potentialAction":[{"@type":"ReadAction","target":["https:\/\/lluernarestaurant.com\/es\/producto\/formula-22\/"]}]},{"@type":"ImageObject","inLanguage":"es","@id":"https:\/\/lluernarestaurant.com\/es\/producto\/formula-22\/#primaryimage","url":"https:\/\/lluernarestaurant.com\/wp-content\/uploads\/2019\/12\/Verat_Verat.jpg","contentUrl":"https:\/\/lluernarestaurant.com\/wp-content\/uploads\/2019\/12\/Verat_Verat.jpg","width":595,"height":842},{"@type":"BreadcrumbList","@id":"https:\/\/lluernarestaurant.com\/es\/producto\/formula-22\/#breadcrumb","itemListElement":[{"@type":"ListItem","position":1,"name":"Inici","item":"https:\/\/lluernarestaurant.com\/es\/inicio\/"},{"@type":"ListItem","position":2,"name":"Botiga","item":"https:\/\/lluernarestaurant.com\/es\/botiga\/"},{"@type":"ListItem","position":3,"name":"Men\u00fa Verat"}]},{"@type":"WebSite","@id":"https:\/\/lluernarestaurant.com\/en\/#website","url":"https:\/\/lluernarestaurant.com\/en\/","name":"Lluerna restaurant","description":"","potentialAction":[{"@type":"SearchAction","target":{"@type":"EntryPoint","urlTemplate":"https:\/\/lluernarestaurant.com\/en\/?s={search_term_string}"},"query-input":{"@type":"PropertyValueSpecification","valueRequired":true,"valueName":"search_term_string"}}],"inLanguage":"es"}]}},"_links":{"self":[{"href":"https:\/\/lluernarestaurant.com\/es\/wp-json\/wp\/v2\/product\/2542","targetHints":{"allow":["GET"]}}],"collection":[{"href":"https:\/\/lluernarestaurant.com\/es\/wp-json\/wp\/v2\/product"}],"about":[{"href":"https:\/\/lluernarestaurant.com\/es\/wp-json\/wp\/v2\/types\/product"}],"wp:featuredmedia":[{"embeddable":true,"href":"https:\/\/lluernarestaurant.com\/es\/wp-json\/wp\/v2\/media\/20231"}],"wp:attachment":[{"href":"https:\/\/lluernarestaurant.com\/es\/wp-json\/wp\/v2\/media?parent=2542"}],"wp:term":[{"taxonomy":"product_brand","embeddable":true,"href":"https:\/\/lluernarestaurant.com\/es\/wp-json\/wp\/v2\/product_brand?post=2542"},{"taxonomy":"product_cat","embeddable":true,"href":"https:\/\/lluernarestaurant.com\/es\/wp-json\/wp\/v2\/product_cat?post=2542"},{"taxonomy":"product_tag","embeddable":true,"href":"https:\/\/lluernarestaurant.com\/es\/wp-json\/wp\/v2\/product_tag?post=2542"}],"curies":[{"name":"wp","href":"https:\/\/api.w.org\/{rel}","templated":true}]}}