{"id":19848,"date":"2025-05-05T10:20:19","date_gmt":"2025-05-05T09:20:19","guid":{"rendered":"https:\/\/lluernarestaurant.com\/?post_type=product&#038;p=19848"},"modified":"2026-01-15T10:56:34","modified_gmt":"2026-01-15T09:56:34","slug":"menu-degustacion-maridaje","status":"publish","type":"product","link":"https:\/\/lluernarestaurant.com\/es\/producto\/menu-degustacion-maridaje\/","title":{"rendered":"Men\u00fa degustaci\u00f3n maridaje"},"content":{"rendered":"","protected":false},"excerpt":{"rendered":"<p style=\"text-align: center\">Con servicio de pan, agua, caf\u00e9 y maridaje de vinos seleccionados por nuestro equipo de someliers<\/p>\n<p style=\"text-align: center\">Este men\u00fa se servir\u00e1 martes y mi\u00e9rcoles mediod\u00eda y noche, jueves noche y viernes mediod\u00eda.<br \/>\nExcepto festivos y v\u00edsperas de festivos.<br \/>\nMesa completa<\/p>\n<p style=\"text-align: center\">Caducidad: 12 meses<\/p>\n<hr \/>\n<p class=\"p1\" style=\"text-align: center\">C\u00f3ctel de pomada<\/p>\n<p class=\"p1\" style=\"text-align: center\">Te de setas<\/p>\n<p class=\"p1\" style=\"text-align: center\">Tartar de remolacha, mayonesa de trufa y gamba blanca<\/p>\n<p class=\"p1\" style=\"text-align: center\">Ajoblanco, nieve de manzana, anguila ahumada y huevas de trucha<\/p>\n<p class=\"p1\" style=\"text-align: center\">Bu\u00f1uelo de fricand\u00f3 con wagyu de Moi\u00e0<\/p>\n<p class=\"p1\" style=\"text-align: center\">Bacalao, crema de \u201ccal\u00e7ots\u201d y romesco<\/p>\n<p class=\"p1\" style=\"text-align: center\">Paletilla de cordero ecol\u00f3gico de Cal Tom\u00e1s \u00f1oquis de boniato y setas<\/p>\n<p class=\"p1\" style=\"text-align: center\">Pl\u00e1tano, yogurt y pimienta de Jamaica<\/p>\n<p class=\"p1\" style=\"text-align: center\">Bu\u00f1uelo del Empord\u00e1 y espuma de an\u00eds<\/p>\n<p style=\"text-align: center\">Pan artesano de La espiga de oro y agua filtrada incluidos<\/p>\n<hr \/>\n<p style=\"text-align: center\">\n","protected":false},"featured_media":22401,"template":"","meta":[],"product_brand":[],"product_cat":[33],"product_tag":[],"class_list":{"0":"post-19848","1":"product","2":"type-product","3":"status-publish","4":"has-post-thumbnail","6":"product_cat-regala-lluerna-es","8":"first","9":"instock","10":"downloadable","11":"virtual","12":"taxable","13":"purchasable","14":"product-type-simple"},"yoast_head":"<!-- This site is optimized with the Yoast SEO plugin v27.1.1 - https:\/\/yoast.com\/product\/yoast-seo-wordpress\/ -->\n<title>Men\u00fa degustaci\u00f3n maridaje - Lluerna restaurant<\/title>\n<meta name=\"robots\" content=\"index, follow, max-snippet:-1, max-image-preview:large, max-video-preview:-1\" \/>\n<link rel=\"canonical\" href=\"https:\/\/lluernarestaurant.com\/es\/producto\/menu-degustacion-maridaje\/\" \/>\n<meta property=\"og:locale\" content=\"es_ES\" \/>\n<meta property=\"og:type\" content=\"article\" \/>\n<meta property=\"og:title\" content=\"Men\u00fa degustaci\u00f3n maridaje - Lluerna restaurant\" \/>\n<meta property=\"og:description\" content=\"Con servicio de pan, agua, caf\u00e9 y maridaje de vinos seleccionados por nuestro equipo de someliers Este men\u00fa se servir\u00e1 martes y mi\u00e9rcoles mediod\u00eda y noche, jueves noche y viernes mediod\u00eda. Excepto festivos y v\u00edsperas de festivos. Mesa completa Caducidad: 12 meses    C\u00f3ctel de pomada Te de setas Tartar de remolacha, mayonesa de trufa y gamba blanca Ajoblanco, nieve de manzana, anguila ahumada y huevas de trucha Bu\u00f1uelo de fricand\u00f3 con wagyu de Moi\u00e0 Bacalao, crema de \u201ccal\u00e7ots\u201d y romesco Paletilla de cordero ecol\u00f3gico de Cal Tom\u00e1s \u00f1oquis de boniato y setas Pl\u00e1tano, yogurt y pimienta de Jamaica Bu\u00f1uelo del Empord\u00e1 y espuma de an\u00eds Pan artesano de La espiga de oro y agua filtrada incluidos\" \/>\n<meta property=\"og:url\" content=\"https:\/\/lluernarestaurant.com\/es\/producto\/menu-degustacion-maridaje\/\" \/>\n<meta property=\"og:site_name\" content=\"Lluerna restaurant\" \/>\n<meta property=\"article:modified_time\" content=\"2026-01-15T09:56:34+00:00\" \/>\n<meta property=\"og:image\" content=\"https:\/\/lluernarestaurant.com\/wp-content\/uploads\/2025\/05\/RegalaLluerna_h26_DegustacioM.jpg\" \/>\n\t<meta property=\"og:image:width\" content=\"595\" \/>\n\t<meta property=\"og:image:height\" content=\"842\" \/>\n\t<meta property=\"og:image:type\" content=\"image\/jpeg\" \/>\n<meta name=\"twitter:card\" content=\"summary_large_image\" \/>\n<script type=\"application\/ld+json\" class=\"yoast-schema-graph\">{\"@context\":\"https:\/\/schema.org\",\"@graph\":[{\"@type\":\"WebPage\",\"@id\":\"https:\/\/lluernarestaurant.com\/es\/producto\/menu-degustacion-maridaje\/\",\"url\":\"https:\/\/lluernarestaurant.com\/es\/producto\/menu-degustacion-maridaje\/\",\"name\":\"Men\u00fa degustaci\u00f3n maridaje - Lluerna restaurant\",\"isPartOf\":{\"@id\":\"https:\/\/lluernarestaurant.com\/en\/#website\"},\"primaryImageOfPage\":{\"@id\":\"https:\/\/lluernarestaurant.com\/es\/producto\/menu-degustacion-maridaje\/#primaryimage\"},\"image\":{\"@id\":\"https:\/\/lluernarestaurant.com\/es\/producto\/menu-degustacion-maridaje\/#primaryimage\"},\"thumbnailUrl\":\"https:\/\/lluernarestaurant.com\/wp-content\/uploads\/2025\/05\/RegalaLluerna_h26_DegustacioM.jpg\",\"datePublished\":\"2025-05-05T09:20:19+00:00\",\"dateModified\":\"2026-01-15T09:56:34+00:00\",\"breadcrumb\":{\"@id\":\"https:\/\/lluernarestaurant.com\/es\/producto\/menu-degustacion-maridaje\/#breadcrumb\"},\"inLanguage\":\"es\",\"potentialAction\":[{\"@type\":\"ReadAction\",\"target\":[\"https:\/\/lluernarestaurant.com\/es\/producto\/menu-degustacion-maridaje\/\"]}]},{\"@type\":\"ImageObject\",\"inLanguage\":\"es\",\"@id\":\"https:\/\/lluernarestaurant.com\/es\/producto\/menu-degustacion-maridaje\/#primaryimage\",\"url\":\"https:\/\/lluernarestaurant.com\/wp-content\/uploads\/2025\/05\/RegalaLluerna_h26_DegustacioM.jpg\",\"contentUrl\":\"https:\/\/lluernarestaurant.com\/wp-content\/uploads\/2025\/05\/RegalaLluerna_h26_DegustacioM.jpg\",\"width\":595,\"height\":842},{\"@type\":\"BreadcrumbList\",\"@id\":\"https:\/\/lluernarestaurant.com\/es\/producto\/menu-degustacion-maridaje\/#breadcrumb\",\"itemListElement\":[{\"@type\":\"ListItem\",\"position\":1,\"name\":\"Inici\",\"item\":\"https:\/\/lluernarestaurant.com\/es\/inicio\/\"},{\"@type\":\"ListItem\",\"position\":2,\"name\":\"Botiga\",\"item\":\"https:\/\/lluernarestaurant.com\/es\/botiga\/\"},{\"@type\":\"ListItem\",\"position\":3,\"name\":\"Men\u00fa degustaci\u00f3n maridaje\"}]},{\"@type\":\"WebSite\",\"@id\":\"https:\/\/lluernarestaurant.com\/en\/#website\",\"url\":\"https:\/\/lluernarestaurant.com\/en\/\",\"name\":\"Lluerna restaurant\",\"description\":\"\",\"potentialAction\":[{\"@type\":\"SearchAction\",\"target\":{\"@type\":\"EntryPoint\",\"urlTemplate\":\"https:\/\/lluernarestaurant.com\/en\/?s={search_term_string}\"},\"query-input\":{\"@type\":\"PropertyValueSpecification\",\"valueRequired\":true,\"valueName\":\"search_term_string\"}}],\"inLanguage\":\"es\"}]}<\/script>\n<!-- \/ Yoast SEO plugin. -->","yoast_head_json":{"title":"Men\u00fa degustaci\u00f3n maridaje - Lluerna restaurant","robots":{"index":"index","follow":"follow","max-snippet":"max-snippet:-1","max-image-preview":"max-image-preview:large","max-video-preview":"max-video-preview:-1"},"canonical":"https:\/\/lluernarestaurant.com\/es\/producto\/menu-degustacion-maridaje\/","og_locale":"es_ES","og_type":"article","og_title":"Men\u00fa degustaci\u00f3n maridaje - Lluerna restaurant","og_description":"Con servicio de pan, agua, caf\u00e9 y maridaje de vinos seleccionados por nuestro equipo de someliers Este men\u00fa se servir\u00e1 martes y mi\u00e9rcoles mediod\u00eda y noche, jueves noche y viernes mediod\u00eda. Excepto festivos y v\u00edsperas de festivos. Mesa completa Caducidad: 12 meses    C\u00f3ctel de pomada Te de setas Tartar de remolacha, mayonesa de trufa y gamba blanca Ajoblanco, nieve de manzana, anguila ahumada y huevas de trucha Bu\u00f1uelo de fricand\u00f3 con wagyu de Moi\u00e0 Bacalao, crema de \u201ccal\u00e7ots\u201d y romesco Paletilla de cordero ecol\u00f3gico de Cal Tom\u00e1s \u00f1oquis de boniato y setas Pl\u00e1tano, yogurt y pimienta de Jamaica Bu\u00f1uelo del Empord\u00e1 y espuma de an\u00eds Pan artesano de La espiga de oro y agua filtrada incluidos","og_url":"https:\/\/lluernarestaurant.com\/es\/producto\/menu-degustacion-maridaje\/","og_site_name":"Lluerna restaurant","article_modified_time":"2026-01-15T09:56:34+00:00","og_image":[{"width":595,"height":842,"url":"https:\/\/lluernarestaurant.com\/wp-content\/uploads\/2025\/05\/RegalaLluerna_h26_DegustacioM.jpg","type":"image\/jpeg"}],"twitter_card":"summary_large_image","schema":{"@context":"https:\/\/schema.org","@graph":[{"@type":"WebPage","@id":"https:\/\/lluernarestaurant.com\/es\/producto\/menu-degustacion-maridaje\/","url":"https:\/\/lluernarestaurant.com\/es\/producto\/menu-degustacion-maridaje\/","name":"Men\u00fa degustaci\u00f3n maridaje - Lluerna restaurant","isPartOf":{"@id":"https:\/\/lluernarestaurant.com\/en\/#website"},"primaryImageOfPage":{"@id":"https:\/\/lluernarestaurant.com\/es\/producto\/menu-degustacion-maridaje\/#primaryimage"},"image":{"@id":"https:\/\/lluernarestaurant.com\/es\/producto\/menu-degustacion-maridaje\/#primaryimage"},"thumbnailUrl":"https:\/\/lluernarestaurant.com\/wp-content\/uploads\/2025\/05\/RegalaLluerna_h26_DegustacioM.jpg","datePublished":"2025-05-05T09:20:19+00:00","dateModified":"2026-01-15T09:56:34+00:00","breadcrumb":{"@id":"https:\/\/lluernarestaurant.com\/es\/producto\/menu-degustacion-maridaje\/#breadcrumb"},"inLanguage":"es","potentialAction":[{"@type":"ReadAction","target":["https:\/\/lluernarestaurant.com\/es\/producto\/menu-degustacion-maridaje\/"]}]},{"@type":"ImageObject","inLanguage":"es","@id":"https:\/\/lluernarestaurant.com\/es\/producto\/menu-degustacion-maridaje\/#primaryimage","url":"https:\/\/lluernarestaurant.com\/wp-content\/uploads\/2025\/05\/RegalaLluerna_h26_DegustacioM.jpg","contentUrl":"https:\/\/lluernarestaurant.com\/wp-content\/uploads\/2025\/05\/RegalaLluerna_h26_DegustacioM.jpg","width":595,"height":842},{"@type":"BreadcrumbList","@id":"https:\/\/lluernarestaurant.com\/es\/producto\/menu-degustacion-maridaje\/#breadcrumb","itemListElement":[{"@type":"ListItem","position":1,"name":"Inici","item":"https:\/\/lluernarestaurant.com\/es\/inicio\/"},{"@type":"ListItem","position":2,"name":"Botiga","item":"https:\/\/lluernarestaurant.com\/es\/botiga\/"},{"@type":"ListItem","position":3,"name":"Men\u00fa degustaci\u00f3n maridaje"}]},{"@type":"WebSite","@id":"https:\/\/lluernarestaurant.com\/en\/#website","url":"https:\/\/lluernarestaurant.com\/en\/","name":"Lluerna restaurant","description":"","potentialAction":[{"@type":"SearchAction","target":{"@type":"EntryPoint","urlTemplate":"https:\/\/lluernarestaurant.com\/en\/?s={search_term_string}"},"query-input":{"@type":"PropertyValueSpecification","valueRequired":true,"valueName":"search_term_string"}}],"inLanguage":"es"}]}},"_links":{"self":[{"href":"https:\/\/lluernarestaurant.com\/es\/wp-json\/wp\/v2\/product\/19848","targetHints":{"allow":["GET"]}}],"collection":[{"href":"https:\/\/lluernarestaurant.com\/es\/wp-json\/wp\/v2\/product"}],"about":[{"href":"https:\/\/lluernarestaurant.com\/es\/wp-json\/wp\/v2\/types\/product"}],"wp:featuredmedia":[{"embeddable":true,"href":"https:\/\/lluernarestaurant.com\/es\/wp-json\/wp\/v2\/media\/22401"}],"wp:attachment":[{"href":"https:\/\/lluernarestaurant.com\/es\/wp-json\/wp\/v2\/media?parent=19848"}],"wp:term":[{"taxonomy":"product_brand","embeddable":true,"href":"https:\/\/lluernarestaurant.com\/es\/wp-json\/wp\/v2\/product_brand?post=19848"},{"taxonomy":"product_cat","embeddable":true,"href":"https:\/\/lluernarestaurant.com\/es\/wp-json\/wp\/v2\/product_cat?post=19848"},{"taxonomy":"product_tag","embeddable":true,"href":"https:\/\/lluernarestaurant.com\/es\/wp-json\/wp\/v2\/product_tag?post=19848"}],"curies":[{"name":"wp","href":"https:\/\/api.w.org\/{rel}","templated":true}]}}