{"id":17690,"date":"2024-07-30T09:21:24","date_gmt":"2024-07-30T08:21:24","guid":{"rendered":"https:\/\/lluernarestaurant.com\/?post_type=product&#038;p=17690"},"modified":"2026-01-15T12:30:40","modified_gmt":"2026-01-15T11:30:40","slug":"menu-la-taula-maridaje","status":"publish","type":"product","link":"https:\/\/lluernarestaurant.com\/es\/producto\/menu-la-taula-maridaje\/","title":{"rendered":"Men\u00fa La Taula maridaje"},"content":{"rendered":"","protected":false},"excerpt":{"rendered":"<p style=\"text-align: center\">Con servicio de pan, agua, caf\u00e9 y maridaje de vinos seleccionados por nuestro equipo de someliers<br \/>\nEste men\u00fa puede estar sujeto a variaciones seg\u00fan mercado y disponibilidad<br \/>\nEste men\u00fa se servir\u00e1 hasta las 15h y hasta las 22h<br \/>\nMesa completa<\/p>\n<p style=\"text-align: center\">Caducidad: 12 meses<\/p>\n<hr \/>\n<div class=\"av-catalogue-item\" style=\"text-align: center\">\n<div class=\"av-catalogue-item-inner\">\n<div class=\"av-catalogue-content\" style=\"text-align: center\">\n<p class=\"p1\">C\u00f3ctel de pomada<\/p>\n<p class=\"p1\">Te de setas<\/p>\n<p class=\"p1\">Tartar de remolacha, mayonesa de trufa y gamba blanca<\/p>\n<p class=\"p1\">Ensalada de marisco y pescados del mediterr\u00e1neo con tupinambour<\/p>\n<p class=\"p1\">Bu\u00f1uelo de fricand\u00f3 con wagyu de Moi\u00e0<\/p>\n<p class=\"p1\">Guisantes y habitas del Maresme con jugo de \u201ccap i pota\u201d y kokochas<\/p>\n<p class=\"p1\">Raviolis de calabaza a la salvia, mostarda y Reixag\u00f3<\/p>\n<p class=\"p1\">Coulant de patata, huevo ecol\u00f3gico y trufa al rescoldo<\/p>\n<p class=\"p1\">Pescado de playa con salsa de almejas al oloroso y alcachofas<\/p>\n<p class=\"p1\">Tiramis\u00fa de liebre<\/p>\n<p class=\"p1\">Crema de pomelo rosa, crujiente de yogurt y helado de yogurt y jengibre<\/p>\n<p class=\"p1\">Ganache de xocolate, trufa negra y helado de mantequilla noisette<\/p>\n<p class=\"p1\">Bu\u00f1uelo del Empord\u00e1 y espuma de an\u00eds<\/p>\n<p>Pan artesano de L\u2019espiga d\u2019or y agua filtrada incluidos<\/p>\n<\/div>\n<\/div>\n<\/div>\n<hr \/>\n<p style=\"text-align: center\">\n","protected":false},"featured_media":22484,"template":"","meta":[],"product_brand":[],"product_cat":[33],"product_tag":[],"class_list":{"0":"post-17690","1":"product","2":"type-product","3":"status-publish","4":"has-post-thumbnail","6":"product_cat-regala-lluerna-es","8":"first","9":"instock","10":"downloadable","11":"virtual","12":"taxable","13":"purchasable","14":"product-type-simple"},"yoast_head":"<!-- This site is optimized with the Yoast SEO plugin v27.1.1 - https:\/\/yoast.com\/product\/yoast-seo-wordpress\/ -->\n<title>Men\u00fa La Taula maridaje - Lluerna restaurant<\/title>\n<meta name=\"robots\" content=\"index, follow, max-snippet:-1, max-image-preview:large, max-video-preview:-1\" \/>\n<link rel=\"canonical\" href=\"https:\/\/lluernarestaurant.com\/es\/producto\/menu-la-taula-maridaje\/\" \/>\n<meta property=\"og:locale\" content=\"es_ES\" \/>\n<meta property=\"og:type\" content=\"article\" \/>\n<meta property=\"og:title\" content=\"Men\u00fa La Taula maridaje - Lluerna restaurant\" \/>\n<meta property=\"og:description\" content=\"Con servicio de pan, agua, caf\u00e9 y maridaje de vinos seleccionados por nuestro equipo de someliers Este men\u00fa puede estar sujeto a variaciones seg\u00fan mercado y disponibilidad Este men\u00fa se servir\u00e1 hasta las 15h y hasta las 22h Mesa completa Caducidad: 12 meses        C\u00f3ctel de pomada Te de setas Tartar de remolacha, mayonesa de trufa y gamba blanca Ensalada de marisco y pescados del mediterr\u00e1neo con tupinambour Bu\u00f1uelo de fricand\u00f3 con wagyu de Moi\u00e0 Guisantes y habitas del Maresme con jugo de \u201ccap i pota\u201d y kokochas Raviolis de calabaza a la salvia, mostarda y Reixag\u00f3 Coulant de patata, huevo ecol\u00f3gico y trufa al rescoldo Pescado de playa con salsa de almejas al oloroso y alcachofas Tiramis\u00fa de liebre Crema de pomelo rosa, crujiente de yogurt y helado de yogurt y jengibre Ganache de xocolate, trufa negra y helado de mantequilla noisette Bu\u00f1uelo del Empord\u00e1 y espuma de an\u00eds Pan artesano de L\u2019espiga d\u2019or y agua filtrada incluidos\" \/>\n<meta property=\"og:url\" content=\"https:\/\/lluernarestaurant.com\/es\/producto\/menu-la-taula-maridaje\/\" \/>\n<meta property=\"og:site_name\" content=\"Lluerna restaurant\" \/>\n<meta property=\"article:modified_time\" content=\"2026-01-15T11:30:40+00:00\" \/>\n<meta property=\"og:image\" content=\"https:\/\/lluernarestaurant.com\/wp-content\/uploads\/2024\/07\/RegalLluerna_H26_TaulaM.jpg\" \/>\n\t<meta property=\"og:image:width\" content=\"595\" \/>\n\t<meta property=\"og:image:height\" content=\"842\" \/>\n\t<meta property=\"og:image:type\" content=\"image\/jpeg\" \/>\n<meta name=\"twitter:card\" content=\"summary_large_image\" \/>\n<script type=\"application\/ld+json\" class=\"yoast-schema-graph\">{\"@context\":\"https:\/\/schema.org\",\"@graph\":[{\"@type\":\"WebPage\",\"@id\":\"https:\/\/lluernarestaurant.com\/es\/producto\/menu-la-taula-maridaje\/\",\"url\":\"https:\/\/lluernarestaurant.com\/es\/producto\/menu-la-taula-maridaje\/\",\"name\":\"Men\u00fa La Taula maridaje - Lluerna restaurant\",\"isPartOf\":{\"@id\":\"https:\/\/lluernarestaurant.com\/en\/#website\"},\"primaryImageOfPage\":{\"@id\":\"https:\/\/lluernarestaurant.com\/es\/producto\/menu-la-taula-maridaje\/#primaryimage\"},\"image\":{\"@id\":\"https:\/\/lluernarestaurant.com\/es\/producto\/menu-la-taula-maridaje\/#primaryimage\"},\"thumbnailUrl\":\"https:\/\/lluernarestaurant.com\/wp-content\/uploads\/2024\/07\/RegalLluerna_H26_TaulaM.jpg\",\"datePublished\":\"2024-07-30T08:21:24+00:00\",\"dateModified\":\"2026-01-15T11:30:40+00:00\",\"breadcrumb\":{\"@id\":\"https:\/\/lluernarestaurant.com\/es\/producto\/menu-la-taula-maridaje\/#breadcrumb\"},\"inLanguage\":\"es\",\"potentialAction\":[{\"@type\":\"ReadAction\",\"target\":[\"https:\/\/lluernarestaurant.com\/es\/producto\/menu-la-taula-maridaje\/\"]}]},{\"@type\":\"ImageObject\",\"inLanguage\":\"es\",\"@id\":\"https:\/\/lluernarestaurant.com\/es\/producto\/menu-la-taula-maridaje\/#primaryimage\",\"url\":\"https:\/\/lluernarestaurant.com\/wp-content\/uploads\/2024\/07\/RegalLluerna_H26_TaulaM.jpg\",\"contentUrl\":\"https:\/\/lluernarestaurant.com\/wp-content\/uploads\/2024\/07\/RegalLluerna_H26_TaulaM.jpg\",\"width\":595,\"height\":842},{\"@type\":\"BreadcrumbList\",\"@id\":\"https:\/\/lluernarestaurant.com\/es\/producto\/menu-la-taula-maridaje\/#breadcrumb\",\"itemListElement\":[{\"@type\":\"ListItem\",\"position\":1,\"name\":\"Inici\",\"item\":\"https:\/\/lluernarestaurant.com\/es\/inicio\/\"},{\"@type\":\"ListItem\",\"position\":2,\"name\":\"Botiga\",\"item\":\"https:\/\/lluernarestaurant.com\/es\/botiga\/\"},{\"@type\":\"ListItem\",\"position\":3,\"name\":\"Men\u00fa La Taula maridaje\"}]},{\"@type\":\"WebSite\",\"@id\":\"https:\/\/lluernarestaurant.com\/en\/#website\",\"url\":\"https:\/\/lluernarestaurant.com\/en\/\",\"name\":\"Lluerna restaurant\",\"description\":\"\",\"potentialAction\":[{\"@type\":\"SearchAction\",\"target\":{\"@type\":\"EntryPoint\",\"urlTemplate\":\"https:\/\/lluernarestaurant.com\/en\/?s={search_term_string}\"},\"query-input\":{\"@type\":\"PropertyValueSpecification\",\"valueRequired\":true,\"valueName\":\"search_term_string\"}}],\"inLanguage\":\"es\"}]}<\/script>\n<!-- \/ Yoast SEO plugin. -->","yoast_head_json":{"title":"Men\u00fa La Taula maridaje - Lluerna restaurant","robots":{"index":"index","follow":"follow","max-snippet":"max-snippet:-1","max-image-preview":"max-image-preview:large","max-video-preview":"max-video-preview:-1"},"canonical":"https:\/\/lluernarestaurant.com\/es\/producto\/menu-la-taula-maridaje\/","og_locale":"es_ES","og_type":"article","og_title":"Men\u00fa La Taula maridaje - Lluerna restaurant","og_description":"Con servicio de pan, agua, caf\u00e9 y maridaje de vinos seleccionados por nuestro equipo de someliers Este men\u00fa puede estar sujeto a variaciones seg\u00fan mercado y disponibilidad Este men\u00fa se servir\u00e1 hasta las 15h y hasta las 22h Mesa completa Caducidad: 12 meses        C\u00f3ctel de pomada Te de setas Tartar de remolacha, mayonesa de trufa y gamba blanca Ensalada de marisco y pescados del mediterr\u00e1neo con tupinambour Bu\u00f1uelo de fricand\u00f3 con wagyu de Moi\u00e0 Guisantes y habitas del Maresme con jugo de \u201ccap i pota\u201d y kokochas Raviolis de calabaza a la salvia, mostarda y Reixag\u00f3 Coulant de patata, huevo ecol\u00f3gico y trufa al rescoldo Pescado de playa con salsa de almejas al oloroso y alcachofas Tiramis\u00fa de liebre Crema de pomelo rosa, crujiente de yogurt y helado de yogurt y jengibre Ganache de xocolate, trufa negra y helado de mantequilla noisette Bu\u00f1uelo del Empord\u00e1 y espuma de an\u00eds Pan artesano de L\u2019espiga d\u2019or y agua filtrada incluidos","og_url":"https:\/\/lluernarestaurant.com\/es\/producto\/menu-la-taula-maridaje\/","og_site_name":"Lluerna restaurant","article_modified_time":"2026-01-15T11:30:40+00:00","og_image":[{"width":595,"height":842,"url":"https:\/\/lluernarestaurant.com\/wp-content\/uploads\/2024\/07\/RegalLluerna_H26_TaulaM.jpg","type":"image\/jpeg"}],"twitter_card":"summary_large_image","schema":{"@context":"https:\/\/schema.org","@graph":[{"@type":"WebPage","@id":"https:\/\/lluernarestaurant.com\/es\/producto\/menu-la-taula-maridaje\/","url":"https:\/\/lluernarestaurant.com\/es\/producto\/menu-la-taula-maridaje\/","name":"Men\u00fa La Taula maridaje - Lluerna restaurant","isPartOf":{"@id":"https:\/\/lluernarestaurant.com\/en\/#website"},"primaryImageOfPage":{"@id":"https:\/\/lluernarestaurant.com\/es\/producto\/menu-la-taula-maridaje\/#primaryimage"},"image":{"@id":"https:\/\/lluernarestaurant.com\/es\/producto\/menu-la-taula-maridaje\/#primaryimage"},"thumbnailUrl":"https:\/\/lluernarestaurant.com\/wp-content\/uploads\/2024\/07\/RegalLluerna_H26_TaulaM.jpg","datePublished":"2024-07-30T08:21:24+00:00","dateModified":"2026-01-15T11:30:40+00:00","breadcrumb":{"@id":"https:\/\/lluernarestaurant.com\/es\/producto\/menu-la-taula-maridaje\/#breadcrumb"},"inLanguage":"es","potentialAction":[{"@type":"ReadAction","target":["https:\/\/lluernarestaurant.com\/es\/producto\/menu-la-taula-maridaje\/"]}]},{"@type":"ImageObject","inLanguage":"es","@id":"https:\/\/lluernarestaurant.com\/es\/producto\/menu-la-taula-maridaje\/#primaryimage","url":"https:\/\/lluernarestaurant.com\/wp-content\/uploads\/2024\/07\/RegalLluerna_H26_TaulaM.jpg","contentUrl":"https:\/\/lluernarestaurant.com\/wp-content\/uploads\/2024\/07\/RegalLluerna_H26_TaulaM.jpg","width":595,"height":842},{"@type":"BreadcrumbList","@id":"https:\/\/lluernarestaurant.com\/es\/producto\/menu-la-taula-maridaje\/#breadcrumb","itemListElement":[{"@type":"ListItem","position":1,"name":"Inici","item":"https:\/\/lluernarestaurant.com\/es\/inicio\/"},{"@type":"ListItem","position":2,"name":"Botiga","item":"https:\/\/lluernarestaurant.com\/es\/botiga\/"},{"@type":"ListItem","position":3,"name":"Men\u00fa La Taula maridaje"}]},{"@type":"WebSite","@id":"https:\/\/lluernarestaurant.com\/en\/#website","url":"https:\/\/lluernarestaurant.com\/en\/","name":"Lluerna restaurant","description":"","potentialAction":[{"@type":"SearchAction","target":{"@type":"EntryPoint","urlTemplate":"https:\/\/lluernarestaurant.com\/en\/?s={search_term_string}"},"query-input":{"@type":"PropertyValueSpecification","valueRequired":true,"valueName":"search_term_string"}}],"inLanguage":"es"}]}},"_links":{"self":[{"href":"https:\/\/lluernarestaurant.com\/es\/wp-json\/wp\/v2\/product\/17690","targetHints":{"allow":["GET"]}}],"collection":[{"href":"https:\/\/lluernarestaurant.com\/es\/wp-json\/wp\/v2\/product"}],"about":[{"href":"https:\/\/lluernarestaurant.com\/es\/wp-json\/wp\/v2\/types\/product"}],"wp:featuredmedia":[{"embeddable":true,"href":"https:\/\/lluernarestaurant.com\/es\/wp-json\/wp\/v2\/media\/22484"}],"wp:attachment":[{"href":"https:\/\/lluernarestaurant.com\/es\/wp-json\/wp\/v2\/media?parent=17690"}],"wp:term":[{"taxonomy":"product_brand","embeddable":true,"href":"https:\/\/lluernarestaurant.com\/es\/wp-json\/wp\/v2\/product_brand?post=17690"},{"taxonomy":"product_cat","embeddable":true,"href":"https:\/\/lluernarestaurant.com\/es\/wp-json\/wp\/v2\/product_cat?post=17690"},{"taxonomy":"product_tag","embeddable":true,"href":"https:\/\/lluernarestaurant.com\/es\/wp-json\/wp\/v2\/product_tag?post=17690"}],"curies":[{"name":"wp","href":"https:\/\/api.w.org\/{rel}","templated":true}]}}