{"id":956,"date":"2019-06-11T21:22:31","date_gmt":"2019-06-11T21:22:31","guid":{"rendered":"https:\/\/lluernarestaurant.com\/?page_id=956&#038;lang=es"},"modified":"2020-04-23T10:39:19","modified_gmt":"2020-04-23T10:39:19","slug":"blog","status":"publish","type":"page","link":"https:\/\/lluernarestaurant.com\/es\/blog\/","title":{"rendered":"Blog"},"content":{"rendered":"\n<style type=\"text\/css\" data-created_by=\"avia_inline_auto\" id=\"style-css-av-jp2wbfp6-d49d6859f40e076195092ad373c424e8\">\n.avia-section.av-jp2wbfp6-d49d6859f40e076195092ad373c424e8 .av-parallax .av-parallax-inner{\nbackground-repeat:no-repeat;\nbackground-image:url(https:\/\/lluernarestaurant.com\/wp-content\/uploads\/2018\/11\/Det4.jpg);\nbackground-position:50% 50%;\nbackground-attachment:scroll;\n}\n.avia-section.av-jp2wbfp6-d49d6859f40e076195092ad373c424e8 .av-section-color-overlay{\nopacity:0.5;\nbackground-color:#0a0a0a;\n}\n<\/style>\n<div id='av_section_1'  class='avia-section av-jp2wbfp6-d49d6859f40e076195092ad373c424e8 main_color avia-section-default avia-no-border-styling  avia-builder-el-0  el_before_av_one_full  avia-builder-el-first  av-parallax-section avia-bg-style-parallax av-section-color-overlay-active av-minimum-height av-minimum-height-25 av-height-25  container_wrap sidebar_right'  data-section-bg-repeat='no-repeat' data-av_minimum_height_pc='25' data-av_min_height_opt='25'><div class='av-parallax' data-avia-parallax-ratio='0.3' ><div class='av-parallax-inner main_color avia-full-stretch'><\/div><\/div><div class=\"av-section-color-overlay-wrap\"><div class=\"av-section-color-overlay\"><\/div><div class='container av-section-cont-open' ><main  role=\"main\" itemprop=\"mainContentOfPage\"  class='template-page content  av-content-small alpha units'><div class='post-entry post-entry-type-page post-entry-956'><div class='entry-content-wrapper clearfix'><\/div><\/div><\/main><!-- close content main element --><\/div><\/div><\/div><div id='after_section_1'  class='main_color av_default_container_wrap container_wrap sidebar_right'  ><div class='container av-section-cont-open' ><div class='template-page content  av-content-small alpha units'><div class='post-entry post-entry-type-page post-entry-956'><div class='entry-content-wrapper clearfix'>\n\n<style type=\"text\/css\" data-created_by=\"avia_inline_auto\" id=\"style-css-av-dluc9-eff544e69a770d6624c47da94af4f0bc\">\n.flex_column.av-dluc9-eff544e69a770d6624c47da94af4f0bc{\nborder-radius:0px 0px 0px 0px;\npadding:0px 0px 0px 0px;\n}\n<\/style>\n<div  class='flex_column av-dluc9-eff544e69a770d6624c47da94af4f0bc av_one_full  avia-builder-el-1  el_after_av_section  avia-builder-el-no-sibling  first flex_column_div av-zero-column-padding  '     ><p>\n<style type=\"text\/css\" data-created_by=\"avia_inline_auto\" id=\"style-css-av-jp85wv32-210175fc295eed7ab6e28d4e16d5cd31\">\n#top .av-special-heading.av-jp85wv32-210175fc295eed7ab6e28d4e16d5cd31{\npadding-bottom:10px;\n}\nbody .av-special-heading.av-jp85wv32-210175fc295eed7ab6e28d4e16d5cd31 .av-special-heading-tag .heading-char{\nfont-size:25px;\n}\n.av-special-heading.av-jp85wv32-210175fc295eed7ab6e28d4e16d5cd31 .av-subheading{\nfont-size:15px;\n}\n<\/style>\n<div  class='av-special-heading av-jp85wv32-210175fc295eed7ab6e28d4e16d5cd31 av-special-heading-h1 blockquote modern-quote modern-centered  avia-builder-el-2  el_before_av_blog  avia-builder-el-first '><h1 class='av-special-heading-tag '  itemprop=\"headline\"  >BLOG<\/h1><div class=\"special-heading-border\"><div class=\"special-heading-inner-border\"><\/div><\/div><\/div><br \/>\n<div  class='av-alb-blogposts template-blog  av-blog-meta-author-disabled av-blog-meta-comments-disabled av-blog-meta-tag-disabled '  itemscope=\"itemscope\" itemtype=\"https:\/\/schema.org\/Blog\" ><article class=\"post-entry post-entry-type-standard post-entry-1200 post-loop-1 post-parity-odd single-big with-slider post-1200 post type-post status-publish format-standard has-post-thumbnail hentry category-reconeixements-es\"  itemscope=\"itemscope\" itemtype=\"https:\/\/schema.org\/BlogPosting\" ><div class=\"blog-meta\"><\/div><div class='entry-content-wrapper clearfix standard-content'><header class=\"entry-content-header\" aria-label=\"Post: QUINTILL\u00c0 MANT\u00c9 L\u2019ESTRELLA I SUMA EL VERAT COM A BIB GOURMAND MICHELIN\"><div class=\"av-heading-wrapper\"><span class=\"blog-categories minor-meta\"><a href=\"https:\/\/lluernarestaurant.com\/es\/category\/reconeixements-es\/\" rel=\"tag\">Reconeixements<\/a><\/span><h2 class='post-title entry-title '  itemprop=\"headline\" ><a href=\"https:\/\/lluernarestaurant.com\/es\/quintilla-mante-lestrella-i-suma-el-verat-com-a-bib-gourmand-michelin\/\" rel=\"bookmark\" title=\"Enlace permanente: QUINTILL\u00c0 MANT\u00c9 L\u2019ESTRELLA I SUMA EL VERAT COM A BIB GOURMAND MICHELIN\">QUINTILL\u00c0 MANT\u00c9 L\u2019ESTRELLA I SUMA EL VERAT COM A BIB GOURMAND MICHELIN<span class=\"post-format-icon minor-meta\"><\/span><\/a><\/h2><\/div><\/header><span class=\"av-vertical-delimiter\"><\/span><div class=\"big-preview single-big\"  itemprop=\"image\" itemscope=\"itemscope\" itemtype=\"https:\/\/schema.org\/ImageObject\" ><a href=\"https:\/\/lluernarestaurant.com\/es\/quintilla-mante-lestrella-i-suma-el-verat-com-a-bib-gourmand-michelin\/\"  title=\"lluerna-BibGourmand\" ><img decoding=\"async\" loading=\"lazy\" width=\"1500\" height=\"430\" src=\"https:\/\/lluernarestaurant.com\/wp-content\/uploads\/2018\/12\/lluerna-BibGourmand-1500x430.jpg\" class=\"wp-image-1034 avia-img-lazy-loading-1034 attachment-featured size-featured wp-post-image\" alt=\"\" \/><\/a><\/div><div class=\"entry-content\"  itemprop=\"text\" ><p>La Guia Michelin amb els millors restaurants ja est\u00e0 al dia i, una vegada m\u00e9s, ha reconegut V\u00edctor Quintill\u00e0 com un dels millors, mantenint l\u2019estrella en el seu restaurant, Tamb\u00e9 ha reconegut el Verat, obert fa poc, just al costat de la Lluerna amb el premi Bib Gourmand Michelin. El restaurant Lluerna renova any rere any la seva merescuda estrella Michelin.<\/p>\n<\/div><span class=\"post-meta-infos\"><time class=\"date-container minor-meta updated\"  itemprop=\"datePublished\" datetime=\"2019-06-17T15:10:24+01:00\" >17 de junio de 2019<\/time><\/span><footer class=\"entry-footer\"><\/footer><div class='post_delimiter'><\/div><\/div><div class=\"post_author_timeline\"><\/div><span class='hidden'>\n\t\t\t\t<span class='av-structured-data'  itemprop=\"image\" itemscope=\"itemscope\" itemtype=\"https:\/\/schema.org\/ImageObject\" >\n\t\t\t\t\t\t<span itemprop='url'>https:\/\/lluernarestaurant.com\/wp-content\/uploads\/2018\/12\/lluerna-BibGourmand.jpg<\/span>\n\t\t\t\t\t\t<span itemprop='height'>999<\/span>\n\t\t\t\t\t\t<span itemprop='width'>2048<\/span>\n\t\t\t\t<\/span>\n\t\t\t\t<span class='av-structured-data'  itemprop=\"publisher\" itemtype=\"https:\/\/schema.org\/Organization\" itemscope=\"itemscope\" >\n\t\t\t\t\t\t<span itemprop='name'>Lluerna<\/span>\n\t\t\t\t\t\t<span itemprop='logo' itemscope itemtype='https:\/\/schema.org\/ImageObject'>\n\t\t\t\t\t\t\t<span itemprop='url'>https:\/\/lluernarestaurant.com\/wp-content\/uploads\/2020\/12\/logo-lluerna-2021-300x160.png<\/span>\n\t\t\t\t\t\t<\/span>\n\t\t\t\t<\/span><span class='av-structured-data'  itemprop=\"author\" itemscope=\"itemscope\" itemtype=\"https:\/\/schema.org\/Person\" ><span itemprop='name'>Lluerna<\/span><\/span><span class='av-structured-data'  itemprop=\"datePublished\" datetime=\"2019-06-17T15:10:24+01:00\" >2019-06-17 15:10:24<\/span><span class='av-structured-data'  itemprop=\"dateModified\" itemtype=\"https:\/\/schema.org\/dateModified\" >2019-06-17 15:10:24<\/span><span class='av-structured-data'  itemprop=\"mainEntityOfPage\" itemtype=\"https:\/\/schema.org\/mainEntityOfPage\" ><span itemprop='name'>QUINTILL\u00c0 MANT\u00c9 L\u2019ESTRELLA I SUMA EL VERAT COM A BIB GOURMAND MICHELIN<\/span><\/span><\/span><\/article><article class=\"post-entry post-entry-type-standard post-entry-1198 post-loop-2 post-parity-even single-big with-slider post-1198 post type-post status-publish format-standard has-post-thumbnail hentry category-reconeixements-es\"  itemscope=\"itemscope\" itemtype=\"https:\/\/schema.org\/BlogPosting\" ><div class=\"blog-meta\"><\/div><div class='entry-content-wrapper clearfix standard-content'><header class=\"entry-content-header\" aria-label=\"Post: COOK JAPAN PROJECT\"><div class=\"av-heading-wrapper\"><span class=\"blog-categories minor-meta\"><a href=\"https:\/\/lluernarestaurant.com\/es\/category\/reconeixements-es\/\" rel=\"tag\">Reconeixements<\/a><\/span><h2 class='post-title entry-title '  itemprop=\"headline\" ><a href=\"https:\/\/lluernarestaurant.com\/es\/cook-japan-project\/\" rel=\"bookmark\" title=\"Enlace permanente: COOK JAPAN PROJECT\">COOK JAPAN PROJECT<span class=\"post-format-icon minor-meta\"><\/span><\/a><\/h2><\/div><\/header><span class=\"av-vertical-delimiter\"><\/span><div class=\"big-preview single-big\"  itemprop=\"image\" itemscope=\"itemscope\" itemtype=\"https:\/\/schema.org\/ImageObject\" ><a href=\"https:\/\/lluernarestaurant.com\/es\/cook-japan-project\/\"  title=\"lluerna-CookJapan\" ><img decoding=\"async\" loading=\"lazy\" width=\"1500\" height=\"430\" src=\"https:\/\/lluernarestaurant.com\/wp-content\/uploads\/2018\/12\/lluerna-CookJapan-1500x430.jpg\" class=\"wp-image-1033 avia-img-lazy-loading-1033 attachment-featured size-featured wp-post-image\" alt=\"\" \/><\/a><\/div><div class=\"entry-content\"  itemprop=\"text\" >\r\n<p>Un total de 30 xefs escollits de tot el m\u00f3n aniran a cuinar a Tokio en el projecte Cook Japan Project (2019-2020).<\/p>\r\n\r\n<p>El Xef V\u00edctor Quintill\u00e0, nascut i criat en Santa Coloma de Gramenet, situat a 15 km al nord de Barcelona, es va graduar a l&#8217;escola de cuina a Barcelona, es va formar en nombrosos restaurants de Catalunya. El 1997 al Bulli Va tenir l&#8217;oportunitat de perfeccionar les habilitats culin\u00e0ries durant 1 any. Despr\u00e9s com a xef en el restaurant d&#8217;1 estrella\u00a0Michelin\u00a0Reno a Barcelona i xef general de l&#8217;hotel de 4\u00a0estrelles\u00a0\u00abHotel Parc del Vall\u00e8s\u00bb, l&#8217;any 2001 com a propietari del Restaurant Lluerna, juntament amb la seva senyora Mar G\u00f3mez. L\u2019any 2012 va rebre la seva primera estrella Michelin Espanya.<\/p>\r\n\r\n<p><a href=\"https:\/\/cookjapanproject.com\">https:\/\/cookjapanproject.com<\/a><\/p>\r\n<\/div><span class=\"post-meta-infos\"><time class=\"date-container minor-meta updated\"  itemprop=\"datePublished\" datetime=\"2019-06-17T15:10:15+01:00\" >17 de junio de 2019<\/time><\/span><footer class=\"entry-footer\"><\/footer><div class='post_delimiter'><\/div><\/div><div class=\"post_author_timeline\"><\/div><span class='hidden'>\n\t\t\t\t<span class='av-structured-data'  itemprop=\"image\" itemscope=\"itemscope\" itemtype=\"https:\/\/schema.org\/ImageObject\" >\n\t\t\t\t\t\t<span itemprop='url'>https:\/\/lluernarestaurant.com\/wp-content\/uploads\/2018\/12\/lluerna-CookJapan.jpg<\/span>\n\t\t\t\t\t\t<span itemprop='height'>787<\/span>\n\t\t\t\t\t\t<span itemprop='width'>1575<\/span>\n\t\t\t\t<\/span>\n\t\t\t\t<span class='av-structured-data'  itemprop=\"publisher\" itemtype=\"https:\/\/schema.org\/Organization\" itemscope=\"itemscope\" >\n\t\t\t\t\t\t<span itemprop='name'>Lluerna<\/span>\n\t\t\t\t\t\t<span itemprop='logo' itemscope itemtype='https:\/\/schema.org\/ImageObject'>\n\t\t\t\t\t\t\t<span itemprop='url'>https:\/\/lluernarestaurant.com\/wp-content\/uploads\/2020\/12\/logo-lluerna-2021-300x160.png<\/span>\n\t\t\t\t\t\t<\/span>\n\t\t\t\t<\/span><span class='av-structured-data'  itemprop=\"author\" itemscope=\"itemscope\" itemtype=\"https:\/\/schema.org\/Person\" ><span itemprop='name'>Lluerna<\/span><\/span><span class='av-structured-data'  itemprop=\"datePublished\" datetime=\"2019-06-17T15:10:15+01:00\" >2019-06-17 15:10:15<\/span><span class='av-structured-data'  itemprop=\"dateModified\" itemtype=\"https:\/\/schema.org\/dateModified\" >2019-06-17 15:10:19<\/span><span class='av-structured-data'  itemprop=\"mainEntityOfPage\" itemtype=\"https:\/\/schema.org\/mainEntityOfPage\" ><span itemprop='name'>COOK JAPAN PROJECT<\/span><\/span><\/span><\/article><article class=\"post-entry post-entry-type-standard post-entry-1195 post-loop-3 post-parity-odd post-entry-last single-big with-slider post-1195 post type-post status-publish format-standard has-post-thumbnail hentry category-premsa-es\"  itemscope=\"itemscope\" itemtype=\"https:\/\/schema.org\/BlogPosting\" ><div class=\"blog-meta\"><\/div><div class='entry-content-wrapper clearfix standard-content'><header class=\"entry-content-header\" aria-label=\"Post: El RESTAURANT LLUERNA ESTRENA PLANA WEB\"><div class=\"av-heading-wrapper\"><span class=\"blog-categories minor-meta\"><a href=\"https:\/\/lluernarestaurant.com\/es\/category\/premsa-es\/\" rel=\"tag\">Premsa<\/a><\/span><h2 class='post-title entry-title '  itemprop=\"headline\" ><a href=\"https:\/\/lluernarestaurant.com\/es\/el-restaurant-lluerna-estrena-plana-web\/\" rel=\"bookmark\" title=\"Enlace permanente: El RESTAURANT LLUERNA ESTRENA PLANA WEB\">El RESTAURANT LLUERNA ESTRENA PLANA WEB<span class=\"post-format-icon minor-meta\"><\/span><\/a><\/h2><\/div><\/header><span class=\"av-vertical-delimiter\"><\/span><div class=\"big-preview single-big\"  itemprop=\"image\" itemscope=\"itemscope\" itemtype=\"https:\/\/schema.org\/ImageObject\" ><a href=\"https:\/\/lluernarestaurant.com\/es\/el-restaurant-lluerna-estrena-plana-web\/\"  title=\"Sala1\" ><img decoding=\"async\" loading=\"lazy\" width=\"1500\" height=\"430\" src=\"https:\/\/lluernarestaurant.com\/wp-content\/uploads\/2018\/11\/Sala1-1500x430.jpg\" class=\"wp-image-1020 avia-img-lazy-loading-1020 attachment-featured size-featured wp-post-image\" alt=\"\" \/><\/a><\/div><div class=\"entry-content\"  itemprop=\"text\" >\r\n<p>El nou portal del Restaurant Lluerna neix amb la voluntat de reflectir l\u2019ess\u00e8ncia de la seva cuina i la seva gent, \u00e9s per aix\u00f2 que integra nous apartats com la proximitat, l\u2019equip, regala lluerna i un blog amb continguts din\u00e0mic.<\/p>\r\n\r\n<p>Volem transmetre valors com:<\/p>\r\n\r\n<p><strong>CUINA DE PROXIMITAT<\/strong><\/p>\r\n\r\n<p>La proximitat ens parla del nostre origen per portar-nos cap a una experi\u00e8ncia que conjumina tradici\u00f3 i modernitat, afecte i professionalitat. El V\u00edctor tria el millor producte ecol\u00f2gic i de temporada que la xarxa de productors del restaurant posa a la seva disposici\u00f3. El millor sabor sempre requereix del millor producte, un produ\u00eft localment, amb atenci\u00f3 plena i de forma ecol\u00f2gica.<\/p>\r\n\r\n<p><strong>RESPONSABILITAT DEL PRODUCTE<\/strong><\/p>\r\n\r\n<p>Lluerna porta ja diversos anys engegant bona part d\u2019aquestes actuacions. El restaurant utilitza producte local, de temporada i ecol\u00f2gic. A m\u00e9s, una part dels seus men\u00fas prioritzen l\u2019\u00fas de carns i peixos com aderezos i no com a plats principals contribuint, aix\u00ed, a la reducci\u00f3 del consum d\u2019aquests productes.<\/p>\r\n\r\n<p><strong>PROCESSOS INTERNS I ESPAI SOSTENIBLES<\/strong><\/p>\r\n\r\n<p>El restaurant \u00a0fa una gesti\u00f3 responsable de l\u2019aigua amb una instal\u00b7laci\u00f3 de neteja de plats que redueix \u00e0mpliament el consum, gestiona els seus residus de forma sostenible reduint, promovent la reutilitzaci\u00f3 i separant adequadament les fraccions.<\/p>\r\n<\/div><span class=\"post-meta-infos\"><time class=\"date-container minor-meta updated\"  itemprop=\"datePublished\" datetime=\"2019-06-17T15:09:06+01:00\" >17 de junio de 2019<\/time><\/span><footer class=\"entry-footer\"><\/footer><div class='post_delimiter'><\/div><\/div><div class=\"post_author_timeline\"><\/div><span class='hidden'>\n\t\t\t\t<span class='av-structured-data'  itemprop=\"image\" itemscope=\"itemscope\" itemtype=\"https:\/\/schema.org\/ImageObject\" >\n\t\t\t\t\t\t<span itemprop='url'>https:\/\/lluernarestaurant.com\/wp-content\/uploads\/2018\/11\/Sala1.jpg<\/span>\n\t\t\t\t\t\t<span itemprop='height'>1004<\/span>\n\t\t\t\t\t\t<span itemprop='width'>2048<\/span>\n\t\t\t\t<\/span>\n\t\t\t\t<span class='av-structured-data'  itemprop=\"publisher\" itemtype=\"https:\/\/schema.org\/Organization\" itemscope=\"itemscope\" >\n\t\t\t\t\t\t<span itemprop='name'>Lluerna<\/span>\n\t\t\t\t\t\t<span itemprop='logo' itemscope itemtype='https:\/\/schema.org\/ImageObject'>\n\t\t\t\t\t\t\t<span itemprop='url'>https:\/\/lluernarestaurant.com\/wp-content\/uploads\/2020\/12\/logo-lluerna-2021-300x160.png<\/span>\n\t\t\t\t\t\t<\/span>\n\t\t\t\t<\/span><span class='av-structured-data'  itemprop=\"author\" itemscope=\"itemscope\" itemtype=\"https:\/\/schema.org\/Person\" ><span itemprop='name'>Lluerna<\/span><\/span><span class='av-structured-data'  itemprop=\"datePublished\" datetime=\"2019-06-17T15:09:06+01:00\" >2019-06-17 15:09:06<\/span><span class='av-structured-data'  itemprop=\"dateModified\" itemtype=\"https:\/\/schema.org\/dateModified\" >2019-06-17 15:09:10<\/span><span class='av-structured-data'  itemprop=\"mainEntityOfPage\" itemtype=\"https:\/\/schema.org\/mainEntityOfPage\" ><span itemprop='name'>El RESTAURANT LLUERNA ESTRENA PLANA WEB<\/span><\/span><\/span><\/article><div class='single-big'><\/div><\/div><\/p><\/div>\n","protected":false},"excerpt":{"rendered":"","protected":false},"author":1,"featured_media":0,"parent":0,"menu_order":0,"comment_status":"closed","ping_status":"closed","template":"","meta":{"footnotes":""},"class_list":["post-956","page","type-page","status-publish","hentry"],"yoast_head":"<!-- This site is optimized with the Yoast SEO plugin v27.1.1 - https:\/\/yoast.com\/product\/yoast-seo-wordpress\/ -->\n<title>Blog - Lluerna restaurant<\/title>\n<meta name=\"robots\" content=\"index, follow, max-snippet:-1, max-image-preview:large, max-video-preview:-1\" \/>\n<link rel=\"canonical\" href=\"https:\/\/lluernarestaurant.com\/es\/blog\/\" \/>\n<meta property=\"og:locale\" content=\"es_ES\" \/>\n<meta property=\"og:type\" content=\"article\" \/>\n<meta property=\"og:title\" content=\"Blog - Lluerna restaurant\" \/>\n<meta property=\"og:url\" content=\"https:\/\/lluernarestaurant.com\/es\/blog\/\" \/>\n<meta property=\"og:site_name\" content=\"Lluerna restaurant\" \/>\n<meta property=\"article:modified_time\" content=\"2020-04-23T10:39:19+00:00\" \/>\n<meta name=\"twitter:card\" content=\"summary_large_image\" \/>\n<meta name=\"twitter:label1\" content=\"Tiempo de lectura\" \/>\n\t<meta name=\"twitter:data1\" content=\"1 minuto\" \/>\n<script type=\"application\/ld+json\" class=\"yoast-schema-graph\">{\"@context\":\"https:\/\/schema.org\",\"@graph\":[{\"@type\":\"WebPage\",\"@id\":\"https:\/\/lluernarestaurant.com\/es\/blog\/\",\"url\":\"https:\/\/lluernarestaurant.com\/es\/blog\/\",\"name\":\"Blog - Lluerna restaurant\",\"isPartOf\":{\"@id\":\"https:\/\/lluernarestaurant.com\/en\/#website\"},\"datePublished\":\"2019-06-11T21:22:31+00:00\",\"dateModified\":\"2020-04-23T10:39:19+00:00\",\"breadcrumb\":{\"@id\":\"https:\/\/lluernarestaurant.com\/es\/blog\/#breadcrumb\"},\"inLanguage\":\"es\",\"potentialAction\":[{\"@type\":\"ReadAction\",\"target\":[\"https:\/\/lluernarestaurant.com\/es\/blog\/\"]}]},{\"@type\":\"BreadcrumbList\",\"@id\":\"https:\/\/lluernarestaurant.com\/es\/blog\/#breadcrumb\",\"itemListElement\":[{\"@type\":\"ListItem\",\"position\":1,\"name\":\"Inici\",\"item\":\"https:\/\/lluernarestaurant.com\/es\/inicio\/\"},{\"@type\":\"ListItem\",\"position\":2,\"name\":\"Blog\"}]},{\"@type\":\"WebSite\",\"@id\":\"https:\/\/lluernarestaurant.com\/en\/#website\",\"url\":\"https:\/\/lluernarestaurant.com\/en\/\",\"name\":\"Lluerna restaurant\",\"description\":\"\",\"potentialAction\":[{\"@type\":\"SearchAction\",\"target\":{\"@type\":\"EntryPoint\",\"urlTemplate\":\"https:\/\/lluernarestaurant.com\/en\/?s={search_term_string}\"},\"query-input\":{\"@type\":\"PropertyValueSpecification\",\"valueRequired\":true,\"valueName\":\"search_term_string\"}}],\"inLanguage\":\"es\"}]}<\/script>\n<!-- \/ Yoast SEO plugin. -->","yoast_head_json":{"title":"Blog - Lluerna restaurant","robots":{"index":"index","follow":"follow","max-snippet":"max-snippet:-1","max-image-preview":"max-image-preview:large","max-video-preview":"max-video-preview:-1"},"canonical":"https:\/\/lluernarestaurant.com\/es\/blog\/","og_locale":"es_ES","og_type":"article","og_title":"Blog - Lluerna restaurant","og_url":"https:\/\/lluernarestaurant.com\/es\/blog\/","og_site_name":"Lluerna restaurant","article_modified_time":"2020-04-23T10:39:19+00:00","twitter_card":"summary_large_image","twitter_misc":{"Tiempo de lectura":"1 minuto"},"schema":{"@context":"https:\/\/schema.org","@graph":[{"@type":"WebPage","@id":"https:\/\/lluernarestaurant.com\/es\/blog\/","url":"https:\/\/lluernarestaurant.com\/es\/blog\/","name":"Blog - Lluerna restaurant","isPartOf":{"@id":"https:\/\/lluernarestaurant.com\/en\/#website"},"datePublished":"2019-06-11T21:22:31+00:00","dateModified":"2020-04-23T10:39:19+00:00","breadcrumb":{"@id":"https:\/\/lluernarestaurant.com\/es\/blog\/#breadcrumb"},"inLanguage":"es","potentialAction":[{"@type":"ReadAction","target":["https:\/\/lluernarestaurant.com\/es\/blog\/"]}]},{"@type":"BreadcrumbList","@id":"https:\/\/lluernarestaurant.com\/es\/blog\/#breadcrumb","itemListElement":[{"@type":"ListItem","position":1,"name":"Inici","item":"https:\/\/lluernarestaurant.com\/es\/inicio\/"},{"@type":"ListItem","position":2,"name":"Blog"}]},{"@type":"WebSite","@id":"https:\/\/lluernarestaurant.com\/en\/#website","url":"https:\/\/lluernarestaurant.com\/en\/","name":"Lluerna restaurant","description":"","potentialAction":[{"@type":"SearchAction","target":{"@type":"EntryPoint","urlTemplate":"https:\/\/lluernarestaurant.com\/en\/?s={search_term_string}"},"query-input":{"@type":"PropertyValueSpecification","valueRequired":true,"valueName":"search_term_string"}}],"inLanguage":"es"}]}},"_links":{"self":[{"href":"https:\/\/lluernarestaurant.com\/es\/wp-json\/wp\/v2\/pages\/956","targetHints":{"allow":["GET"]}}],"collection":[{"href":"https:\/\/lluernarestaurant.com\/es\/wp-json\/wp\/v2\/pages"}],"about":[{"href":"https:\/\/lluernarestaurant.com\/es\/wp-json\/wp\/v2\/types\/page"}],"author":[{"embeddable":true,"href":"https:\/\/lluernarestaurant.com\/es\/wp-json\/wp\/v2\/users\/1"}],"replies":[{"embeddable":true,"href":"https:\/\/lluernarestaurant.com\/es\/wp-json\/wp\/v2\/comments?post=956"}],"version-history":[{"count":0,"href":"https:\/\/lluernarestaurant.com\/es\/wp-json\/wp\/v2\/pages\/956\/revisions"}],"wp:attachment":[{"href":"https:\/\/lluernarestaurant.com\/es\/wp-json\/wp\/v2\/media?parent=956"}],"curies":[{"name":"wp","href":"https:\/\/api.w.org\/{rel}","templated":true}]}}