{"id":7361,"date":"2021-03-30T14:19:50","date_gmt":"2021-03-30T13:19:50","guid":{"rendered":"https:\/\/lluernarestaurant.com\/?post_type=product&#038;p=7361"},"modified":"2026-04-21T07:31:08","modified_gmt":"2026-04-21T06:31:08","slug":"presentation-menu-copia","status":"publish","type":"product","link":"https:\/\/lluernarestaurant.com\/en\/product\/presentation-menu-copia\/","title":{"rendered":"Presentation Pairing Menu"},"content":{"rendered":"","protected":false},"excerpt":{"rendered":"<p style=\"text-align: center\">With bread, water, coffee and wine pairings selected by our team of sommeliers.<\/p>\n<p style=\"text-align: center\">This menu may vary according to the market and availability. For the whole table<\/p>\n<p style=\"text-align: center\">Expires: 12 months<\/p>\n<hr \/>\n<p class=\"p1\" style=\"text-align: center\">Pomada cocktail<\/p>\n<p class=\"p1\" style=\"text-align: center\">Fennel and pear juice<\/p>\n<p class=\"p1\" style=\"text-align: center\">Shrimp salad<\/p>\n<p class=\"p1\" style=\"text-align: center\">Almond soup, pickled cherries and tuna belly<\/p>\n<p class=\"p1\" style=\"text-align: center\">Maresme peas, pea pod juice and souffl\u00e9<\/p>\n<p class=\"p1\" style=\"text-align: center\">Wild shrimp rice<\/p>\n<p class=\"p1\" style=\"text-align: center\">Day-boat fish with clam and oloroso sherry sauce<\/p>\n<p class=\"p1\" style=\"text-align: center\">Organic lamb shoulder from Cal Tom\u00e0s with green romesco<\/p>\n<p class=\"p1\" style=\"text-align: center\">Maresme strawberries with cream<\/p>\n<p class=\"p1\" style=\"text-align: center\">Chocolate mousse, stewed cherries and pepper panna cotta<\/p>\n<p class=\"p1\" style=\"text-align: center\">Empord\u00e0 fritter with anise foam<\/p>\n<p style=\"text-align: center\">L\u2019espiga d\u2019or artisan bread and filtered water included<\/p>\n<hr \/>\n<p style=\"text-align: center\">\n","protected":false},"featured_media":23142,"template":"","meta":[],"product_brand":[],"product_cat":[46],"product_tag":[],"class_list":{"0":"post-7361","1":"product","2":"type-product","3":"status-publish","4":"has-post-thumbnail","6":"product_cat-give-lluerna","8":"first","9":"instock","10":"downloadable","11":"virtual","12":"taxable","13":"purchasable","14":"product-type-simple"},"yoast_head":"<!-- This site is optimized with the Yoast SEO plugin v27.4 - https:\/\/yoast.com\/product\/yoast-seo-wordpress\/ -->\n<title>Presentation Pairing Menu - Lluerna restaurant<\/title>\n<meta name=\"robots\" content=\"index, follow, max-snippet:-1, max-image-preview:large, max-video-preview:-1\" \/>\n<link rel=\"canonical\" href=\"https:\/\/lluernarestaurant.com\/en\/producte\/presentation-menu-copia\/\" \/>\n<meta property=\"og:locale\" content=\"en_US\" \/>\n<meta property=\"og:type\" content=\"article\" \/>\n<meta property=\"og:title\" content=\"Presentation Pairing Menu - Lluerna restaurant\" \/>\n<meta property=\"og:description\" content=\"With bread, water, coffee and wine pairings selected by our team of sommeliers. This menu may vary according to the market and availability. For the whole table Expires: 12 months    Pomada cocktail Fennel and pear juice Shrimp salad Almond soup, pickled cherries and tuna belly Maresme peas, pea pod juice and souffl\u00e9 Wild shrimp rice Day-boat fish with clam and oloroso sherry sauce Organic lamb shoulder from Cal Tom\u00e0s with green romesco Maresme strawberries with cream Chocolate mousse, stewed cherries and pepper panna cotta Empord\u00e0 fritter with anise foam L\u2019espiga d\u2019or artisan bread and filtered water included\" \/>\n<meta property=\"og:url\" content=\"https:\/\/lluernarestaurant.com\/en\/producte\/presentation-menu-copia\/\" \/>\n<meta property=\"og:site_name\" content=\"Lluerna restaurant\" \/>\n<meta property=\"article:modified_time\" content=\"2026-04-21T06:31:08+00:00\" \/>\n<meta property=\"og:image\" content=\"https:\/\/lluernarestaurant.com\/wp-content\/uploads\/2018\/12\/Lluerna_prim26_PresentacioM.jpg\" \/>\n\t<meta property=\"og:image:width\" content=\"595\" \/>\n\t<meta property=\"og:image:height\" content=\"842\" \/>\n\t<meta property=\"og:image:type\" content=\"image\/jpeg\" \/>\n<meta name=\"twitter:card\" content=\"summary_large_image\" \/>\n<script type=\"application\/ld+json\" class=\"yoast-schema-graph\">{\"@context\":\"https:\\\/\\\/schema.org\",\"@graph\":[{\"@type\":\"WebPage\",\"@id\":\"https:\\\/\\\/lluernarestaurant.com\\\/en\\\/producte\\\/presentation-menu-copia\\\/\",\"url\":\"https:\\\/\\\/lluernarestaurant.com\\\/en\\\/producte\\\/presentation-menu-copia\\\/\",\"name\":\"Presentation Pairing Menu - Lluerna restaurant\",\"isPartOf\":{\"@id\":\"https:\\\/\\\/lluernarestaurant.com\\\/en\\\/#website\"},\"primaryImageOfPage\":{\"@id\":\"https:\\\/\\\/lluernarestaurant.com\\\/en\\\/producte\\\/presentation-menu-copia\\\/#primaryimage\"},\"image\":{\"@id\":\"https:\\\/\\\/lluernarestaurant.com\\\/en\\\/producte\\\/presentation-menu-copia\\\/#primaryimage\"},\"thumbnailUrl\":\"https:\\\/\\\/lluernarestaurant.com\\\/wp-content\\\/uploads\\\/2018\\\/12\\\/Lluerna_prim26_PresentacioM.jpg\",\"datePublished\":\"2021-03-30T13:19:50+00:00\",\"dateModified\":\"2026-04-21T06:31:08+00:00\",\"breadcrumb\":{\"@id\":\"https:\\\/\\\/lluernarestaurant.com\\\/en\\\/producte\\\/presentation-menu-copia\\\/#breadcrumb\"},\"inLanguage\":\"en-US\",\"potentialAction\":[{\"@type\":\"ReadAction\",\"target\":[\"https:\\\/\\\/lluernarestaurant.com\\\/en\\\/producte\\\/presentation-menu-copia\\\/\"]}]},{\"@type\":\"ImageObject\",\"inLanguage\":\"en-US\",\"@id\":\"https:\\\/\\\/lluernarestaurant.com\\\/en\\\/producte\\\/presentation-menu-copia\\\/#primaryimage\",\"url\":\"https:\\\/\\\/lluernarestaurant.com\\\/wp-content\\\/uploads\\\/2018\\\/12\\\/Lluerna_prim26_PresentacioM.jpg\",\"contentUrl\":\"https:\\\/\\\/lluernarestaurant.com\\\/wp-content\\\/uploads\\\/2018\\\/12\\\/Lluerna_prim26_PresentacioM.jpg\",\"width\":595,\"height\":842},{\"@type\":\"BreadcrumbList\",\"@id\":\"https:\\\/\\\/lluernarestaurant.com\\\/en\\\/producte\\\/presentation-menu-copia\\\/#breadcrumb\",\"itemListElement\":[{\"@type\":\"ListItem\",\"position\":1,\"name\":\"Inici\",\"item\":\"https:\\\/\\\/lluernarestaurant.com\\\/en\\\/home\\\/\"},{\"@type\":\"ListItem\",\"position\":2,\"name\":\"Store\",\"item\":\"https:\\\/\\\/lluernarestaurant.com\\\/en\\\/store\\\/\"},{\"@type\":\"ListItem\",\"position\":3,\"name\":\"Presentation Pairing Menu\"}]},{\"@type\":\"WebSite\",\"@id\":\"https:\\\/\\\/lluernarestaurant.com\\\/en\\\/#website\",\"url\":\"https:\\\/\\\/lluernarestaurant.com\\\/en\\\/\",\"name\":\"Lluerna restaurant\",\"description\":\"\",\"potentialAction\":[{\"@type\":\"SearchAction\",\"target\":{\"@type\":\"EntryPoint\",\"urlTemplate\":\"https:\\\/\\\/lluernarestaurant.com\\\/en\\\/?s={search_term_string}\"},\"query-input\":{\"@type\":\"PropertyValueSpecification\",\"valueRequired\":true,\"valueName\":\"search_term_string\"}}],\"inLanguage\":\"en-US\"}]}<\/script>\n<!-- \/ Yoast SEO plugin. -->","yoast_head_json":{"title":"Presentation Pairing Menu - Lluerna restaurant","robots":{"index":"index","follow":"follow","max-snippet":"max-snippet:-1","max-image-preview":"max-image-preview:large","max-video-preview":"max-video-preview:-1"},"canonical":"https:\/\/lluernarestaurant.com\/en\/producte\/presentation-menu-copia\/","og_locale":"en_US","og_type":"article","og_title":"Presentation Pairing Menu - Lluerna restaurant","og_description":"With bread, water, coffee and wine pairings selected by our team of sommeliers. This menu may vary according to the market and availability. For the whole table Expires: 12 months    Pomada cocktail Fennel and pear juice Shrimp salad Almond soup, pickled cherries and tuna belly Maresme peas, pea pod juice and souffl\u00e9 Wild shrimp rice Day-boat fish with clam and oloroso sherry sauce Organic lamb shoulder from Cal Tom\u00e0s with green romesco Maresme strawberries with cream Chocolate mousse, stewed cherries and pepper panna cotta Empord\u00e0 fritter with anise foam L\u2019espiga d\u2019or artisan bread and filtered water included","og_url":"https:\/\/lluernarestaurant.com\/en\/producte\/presentation-menu-copia\/","og_site_name":"Lluerna restaurant","article_modified_time":"2026-04-21T06:31:08+00:00","og_image":[{"width":595,"height":842,"url":"https:\/\/lluernarestaurant.com\/wp-content\/uploads\/2018\/12\/Lluerna_prim26_PresentacioM.jpg","type":"image\/jpeg"}],"twitter_card":"summary_large_image","schema":{"@context":"https:\/\/schema.org","@graph":[{"@type":"WebPage","@id":"https:\/\/lluernarestaurant.com\/en\/producte\/presentation-menu-copia\/","url":"https:\/\/lluernarestaurant.com\/en\/producte\/presentation-menu-copia\/","name":"Presentation Pairing Menu - Lluerna restaurant","isPartOf":{"@id":"https:\/\/lluernarestaurant.com\/en\/#website"},"primaryImageOfPage":{"@id":"https:\/\/lluernarestaurant.com\/en\/producte\/presentation-menu-copia\/#primaryimage"},"image":{"@id":"https:\/\/lluernarestaurant.com\/en\/producte\/presentation-menu-copia\/#primaryimage"},"thumbnailUrl":"https:\/\/lluernarestaurant.com\/wp-content\/uploads\/2018\/12\/Lluerna_prim26_PresentacioM.jpg","datePublished":"2021-03-30T13:19:50+00:00","dateModified":"2026-04-21T06:31:08+00:00","breadcrumb":{"@id":"https:\/\/lluernarestaurant.com\/en\/producte\/presentation-menu-copia\/#breadcrumb"},"inLanguage":"en-US","potentialAction":[{"@type":"ReadAction","target":["https:\/\/lluernarestaurant.com\/en\/producte\/presentation-menu-copia\/"]}]},{"@type":"ImageObject","inLanguage":"en-US","@id":"https:\/\/lluernarestaurant.com\/en\/producte\/presentation-menu-copia\/#primaryimage","url":"https:\/\/lluernarestaurant.com\/wp-content\/uploads\/2018\/12\/Lluerna_prim26_PresentacioM.jpg","contentUrl":"https:\/\/lluernarestaurant.com\/wp-content\/uploads\/2018\/12\/Lluerna_prim26_PresentacioM.jpg","width":595,"height":842},{"@type":"BreadcrumbList","@id":"https:\/\/lluernarestaurant.com\/en\/producte\/presentation-menu-copia\/#breadcrumb","itemListElement":[{"@type":"ListItem","position":1,"name":"Inici","item":"https:\/\/lluernarestaurant.com\/en\/home\/"},{"@type":"ListItem","position":2,"name":"Store","item":"https:\/\/lluernarestaurant.com\/en\/store\/"},{"@type":"ListItem","position":3,"name":"Presentation Pairing Menu"}]},{"@type":"WebSite","@id":"https:\/\/lluernarestaurant.com\/en\/#website","url":"https:\/\/lluernarestaurant.com\/en\/","name":"Lluerna restaurant","description":"","potentialAction":[{"@type":"SearchAction","target":{"@type":"EntryPoint","urlTemplate":"https:\/\/lluernarestaurant.com\/en\/?s={search_term_string}"},"query-input":{"@type":"PropertyValueSpecification","valueRequired":true,"valueName":"search_term_string"}}],"inLanguage":"en-US"}]}},"_links":{"self":[{"href":"https:\/\/lluernarestaurant.com\/en\/wp-json\/wp\/v2\/product\/7361","targetHints":{"allow":["GET"]}}],"collection":[{"href":"https:\/\/lluernarestaurant.com\/en\/wp-json\/wp\/v2\/product"}],"about":[{"href":"https:\/\/lluernarestaurant.com\/en\/wp-json\/wp\/v2\/types\/product"}],"wp:featuredmedia":[{"embeddable":true,"href":"https:\/\/lluernarestaurant.com\/en\/wp-json\/wp\/v2\/media\/23142"}],"wp:attachment":[{"href":"https:\/\/lluernarestaurant.com\/en\/wp-json\/wp\/v2\/media?parent=7361"}],"wp:term":[{"taxonomy":"product_brand","embeddable":true,"href":"https:\/\/lluernarestaurant.com\/en\/wp-json\/wp\/v2\/product_brand?post=7361"},{"taxonomy":"product_cat","embeddable":true,"href":"https:\/\/lluernarestaurant.com\/en\/wp-json\/wp\/v2\/product_cat?post=7361"},{"taxonomy":"product_tag","embeddable":true,"href":"https:\/\/lluernarestaurant.com\/en\/wp-json\/wp\/v2\/product_tag?post=7361"}],"curies":[{"name":"wp","href":"https:\/\/api.w.org\/{rel}","templated":true}]}}